{"id":1159,"date":"2026-01-23T13:19:09","date_gmt":"2026-01-23T12:19:09","guid":{"rendered":"https:\/\/www.sotograndeonline.com\/?page_id=1159"},"modified":"2026-04-17T02:06:12","modified_gmt":"2026-04-17T00:06:12","slug":"blog","status":"publish","type":"page","link":"https:\/\/www.sotograndeonline.com\/de\/blog","title":{"rendered":"Blog"},"content":{"rendered":"<style>\n  \/* === SOTO PRO LIST (blindado WordPress) === *\/<br \/>  .soto-pro, .soto-pro * { box-sizing: border-box; }<\/p>\n<p>  .soto-pro{<br \/>    --brand:#6593c4;<br \/>    --text:#0f172a;<br \/>    --muted:#475569;<br \/>    --line:#e6eaf0;<br \/>    --bg:#ffffff;<\/p>\n<p>    max-width: 1100px;<br \/>    margin: 40px auto;<br \/>    padding: 0 16px;<br \/>    font-family: ui-sans-serif, system-ui, -apple-system, \"Segoe UI\", Roboto, Arial, \"Noto Sans\", \"Helvetica Neue\", sans-serif;<br \/>    color: var(--text);<br \/>  }<\/p>\n<p>  .soto-pro__head{ margin:0 0 18px; }<br \/>  .soto-pro__title{<br \/>    margin:0;<br \/>    font-weight:900;<br \/>    letter-spacing:-0.02em;<br \/>    font-size: clamp(22px, 2.2vw, 30px);<br \/>    line-height:1.1;<br \/>  }<br \/>  .soto-pro__underline{<br \/>    height:3px; width:72px; margin-top:10px;<br \/>    background: var(--brand);<br \/>    border-radius:999px;<br \/>  }<\/p>\n<p>  .soto-pro__grid{<br \/>    display:grid;<br \/>    gap:22px;<br \/>    grid-template-columns:1fr;<br \/>  }<br \/>  @media (min-width: 640px){<br \/>    .soto-pro__grid{ grid-template-columns: repeat(2, minmax(0, 1fr)); }<br \/>  }<\/p>\n<p>  .soto-pro__card{<br \/>    background: var(--bg);<br \/>    border: 1px solid var(--line);<br \/>    border-radius: 16px;<br \/>    overflow:hidden;<br \/>    box-shadow: 0 10px 30px rgba(15,23,42,.06);<br \/>    transition: transform .25s ease, box-shadow .25s ease, border-color .25s ease;<br \/>    display:flex;<br \/>    flex-direction:column;<br \/>  }<br \/>  .soto-pro__card:hover{<br \/>    transform: translateY(-4px);<br \/>    box-shadow: 0 18px 45px rgba(15,23,42,.12);<br \/>    border-color: rgba(101,147,196,.45);<br \/>  }<\/p>\n<p>  .soto-pro__media{<br \/>    position:relative;<br \/>    aspect-ratio:16\/9;<br \/>    background:#eef2f7;<br \/>    overflow:hidden;<br \/>  }<\/p>\n<p>  \/* image link (prevents theme underline\/color changes) *\/<br \/>  .soto-pro .soto-pro__media-link{<br \/>    display:block !important;<br \/>    text-decoration:none !important;<br \/>    color: inherit !important;<br \/>  }<br \/>  .soto-pro .soto-pro__media-link:focus{ outline:none !important; }<br \/>  .soto-pro .soto-pro__media-link:focus-visible{<br \/>    outline: 3px solid rgba(101,147,196,.35) !important;<br \/>    outline-offset: 3px !important;<br \/>  }<\/p>\n<p>  .soto-pro__media img{<br \/>    width:100%;<br \/>    height:100%;<br \/>    object-fit:cover;<br \/>    display:block;<br \/>    transform: scale(1.01);<br \/>    transition: transform .5s ease;<br \/>  }<br \/>  .soto-pro__card:hover .soto-pro__media img{ transform: scale(1.06); }<\/p>\n<p>  .soto-pro__media::after{<br \/>    content:\"\";<br \/>    position:absolute; inset:0;<br \/>    background: linear-gradient(to bottom, rgba(15,23,42,.10), rgba(15,23,42,.40));<br \/>    pointer-events:none;<br \/>  }<\/p>\n<p>  .soto-pro__badge{<br \/>    position:absolute; top:14px; left:14px; z-index:2;<br \/>    display:inline-flex; align-items:center;<br \/>    padding:7px 10px;<br \/>    border-radius:999px;<br \/>    font-size:12px;<br \/>    font-weight:800;<br \/>    letter-spacing:.06em;<br \/>    text-transform:uppercase;<br \/>    color:#fff;<br \/>    background: rgba(101,147,196,.92);<br \/>    border: 1px solid rgba(255,255,255,.25);<br \/>    backdrop-filter: blur(6px);<br \/>  }<\/p>\n<p>  .soto-pro__body{<br \/>    padding: 18px 18px 20px;<br \/>    display:flex;<br \/>    flex-direction:column;<br \/>    gap:10px;<br \/>    flex:1;<br \/>  }<\/p>\n<p>  .soto-pro__h3{<br \/>    margin:0;<br \/>    font-weight:900;<br \/>    letter-spacing:-0.01em;<br \/>    font-size:18px;<br \/>    line-height:1.25;<br \/>  }<\/p>\n<p>  .soto-pro__p{<br \/>    margin:0;<br \/>    color: var(--muted);<br \/>    font-size:14px;<br \/>    line-height:1.55;<br \/>    flex:1;<\/p>\n<p>    \/* clamp to 4 lines *\/<br \/>    display:-webkit-box;<br \/>    -webkit-line-clamp: 4;<br \/>    -webkit-box-orient: vertical;<br \/>    overflow:hidden;<br \/>  }<\/p>\n<p>  \/* === \"READ MORE\" BUTTON (max priority) === *\/<br \/>  .soto-pro .soto-pro__body a.soto-pro__cta{<br \/>    display:inline-flex !important;<br \/>    align-items:center !important;<br \/>    justify-content:center !important;<br \/>    gap:10px !important;<\/p>\n<p>    width: fit-content !important;<br \/>    padding: 11px 16px !important;<br \/>    border-radius: 12px !important;<\/p>\n<p>    background: #6593c4 !important;<br \/>    color: #fff !important;<\/p>\n<p>    border: 1px solid rgba(0,0,0,.06) !important;<br \/>    text-decoration: none !important;<br \/>    font-weight: 900 !important;<br \/>    font-size: 14px !important;<br \/>    letter-spacing: .01em !important;<br \/>    line-height: 1 !important;<\/p>\n<p>    box-shadow: 0 10px 20px rgba(101,147,196,.28) !important;<br \/>    transition: transform .18s ease, box-shadow .18s ease, filter .18s ease !important;<\/p>\n<p>    margin-top: 10px !important;<br \/>  }<\/p>\n<p>  .soto-pro .soto-pro__body a.soto-pro__cta:hover{<br \/>    transform: translateY(-2px) !important;<br \/>    box-shadow: 0 16px 28px rgba(101,147,196,.36) !important;<br \/>    filter: brightness(1.03) !important;<br \/>  }<br \/>  .soto-pro .soto-pro__body a.soto-pro__cta:active{<br \/>    transform: translateY(0px) !important;<br \/>  }<br \/>  .soto-pro .soto-pro__body a.soto-pro__cta:focus{ outline:none !important; }<br \/>  .soto-pro .soto-pro__body a.soto-pro__cta:focus-visible{<br \/>    outline: 3px solid rgba(101,147,196,.35) !important;<br \/>    outline-offset: 3px !important;<br \/>  }<br \/><\/style>\n<section class=\"soto-pro\" aria-label=\"latest articles\">\n<div class=\"soto-pro__head\">\n<h2 class=\"soto-pro__title\">Neueste Artikel<\/h2>\n<div class=\"soto-pro__underline\"><\/div>\n<\/div>\n<div class=\"soto-pro__grid\">\n<p><\/p>\n<article class=\"soto-pro__card\">\n<div class=\"soto-pro__media\"><a class=\"soto-pro__media-link\" href=\"https:\/\/www.sotograndeonline.com\/de\/1211-leben-in-sotogrande-costa\" aria-label=\"Leben in Sotogrande Costa\"><br \/>\n<img decoding=\"async\" src=\"https:\/\/www.sotograndeonline.com\/wp-content\/uploads\/2026\/02\/sotogrande-costa.jpg\" alt=\"Leben in Sotogrande Costa\" \/><br \/>\n<\/a><\/div>\n<p>&nbsp;<\/p>\n<div class=\"soto-pro__body\">\n<h3 class=\"soto-pro__h3\">Leben in Sotogrande Costa<\/h3>\n<p class=\"soto-pro__p\">Ein ausgewogener Lebensstil zwischen Meer, Gr\u00fcnfl\u00e4chen und Services. Erfahre, wie der Alltag in Sotogrande Costa aussieht und welche Immobilien du in Strandn\u00e4he findest.<\/p>\n<p><a class=\"soto-pro__cta\" role=\"button\" href=\"https:\/\/www.sotograndeonline.com\/de\/1211-leben-in-sotogrande-costa\" aria-label=\"mehr lesen: leben in sotogrande costa\">Mehr lesen<\/a><\/p>\n<\/div>\n<\/article>\n<p><\/p>\n<article class=\"soto-pro__card\">\n<div class=\"soto-pro__media\"><a class=\"soto-pro__media-link\" href=\"https:\/\/www.sotograndeonline.com\/de\/1223-zone-b-in-sotogrande-eine-strategische-wahl-zum-wohnen-oder-investieren\" aria-label=\"Zone B in Sotogrande: eine strategische Wahl zum Wohnen oder Investieren\"><br \/>\n<img decoding=\"async\" src=\"https:\/\/www.sotograndeonline.com\/wp-content\/uploads\/2026\/02\/sotogrande-zona-b.jpg\" alt=\"Zone B in Sotogrande: eine strategische Wahl zum Wohnen oder Investieren\" \/><br \/>\n<\/a><\/div>\n<p>&nbsp;<\/p>\n<div class=\"soto-pro__body\">\n<h3 class=\"soto-pro__h3\">Zone B in Sotogrande: eine strategische Wahl zum Wohnen oder Investieren<\/h3>\n<p class=\"soto-pro__p\">Eine gut angebundene Wohnlage mit klarer Immobilienlogik: proportionierte Grundst\u00fccke, praktische H\u00e4user und Potenzial als mittel- bis langfristige Investition.<\/p>\n<p><a class=\"soto-pro__cta\" role=\"button\" href=\"https:\/\/www.sotograndeonline.com\/de\/1223-zone-b-in-sotogrande-eine-strategische-wahl-zum-wohnen-oder-investieren\" aria-label=\"mehr lesen: zone b in sotogrande\">Mehr lesen<\/a><\/p>\n<\/div>\n<\/article>\n<p><\/p>\n<article class=\"soto-pro__card\">\n<div class=\"soto-pro__media\"><a class=\"soto-pro__media-link\" href=\"https:\/\/www.sotograndeonline.com\/de\/1199-die-marina-de-sotogrande-wie-es-ist-am-hafen-zu-leben-und-welche-immobilien-man-dort-findet\" aria-label=\"Die Marina de Sotogrande: Wie es ist, am Hafen zu leben \u2013 und welche Immobilien man dort findet\"><br \/>\n<img decoding=\"async\" src=\"https:\/\/www.sotograndeonline.com\/wp-content\/uploads\/2026\/02\/vivir-en-sotogrande-marina.jpg\" alt=\"Die Marina de Sotogrande: Wie es ist, am Hafen zu leben \u2013 und welche Immobilien man dort findet\" \/><br \/>\n<\/a><\/div>\n<p>&nbsp;<\/p>\n<div class=\"soto-pro__body\">\n<h3 class=\"soto-pro__h3\">Die Marina de Sotogrande: Wie es ist, am Hafen zu leben \u2013 und welche Immobilien man dort findet<\/h3>\n<p class=\"soto-pro__p\">Leben direkt am Wasser, internationale Atmosph\u00e4re und kurze Wege. Erfahre mehr \u00fcber den Marina-Lifestyle sowie Apartments und Penth\u00e4user \u2013 teils mit privatem Liegeplatz.<\/p>\n<p><a class=\"soto-pro__cta\" role=\"button\" href=\"https:\/\/www.sotograndeonline.com\/de\/1199-die-marina-de-sotogrande-wie-es-ist-am-hafen-zu-leben-und-welche-immobilien-man-dort-findet\" aria-label=\"mehr lesen: marina de sotogrande\">Mehr lesen<\/a><\/p>\n<\/div>\n<\/article>\n<p><\/p>\n<article class=\"soto-pro__card\">\n<div class=\"soto-pro__media\"><a class=\"soto-pro__media-link\" href=\"https:\/\/www.sotograndeonline.com\/de\/1178-sotogrande-alto-wie-ist-das-leben-hier-und-warum-gehoert-es-zu-den-exklusivsten-wohnlagen\" aria-label=\"Sotogrande Alto: Wie ist das Leben hier und warum geh\u00f6rt es zu den exklusivsten Wohnlagen\"><br \/>\n<img decoding=\"async\" src=\"https:\/\/www.sotograndeonline.com\/wp-content\/uploads\/2026\/01\/vivir-en-sotogrande-alto.jpeg\" alt=\"Sotogrande Alto: Wie ist das Leben hier und warum geh\u00f6rt es zu den exklusivsten Wohnlagen\" \/><br \/>\n<\/a><\/div>\n<p>&nbsp;<\/p>\n<div class=\"soto-pro__body\">\n<h3 class=\"soto-pro__h3\">Sotogrande Alto: Wie ist das Leben hier und warum geh\u00f6rt es zu den exklusivsten Wohnlagen<\/h3>\n<p class=\"soto-pro__p\">Privatsph\u00e4re, Ruhe und Golf als Teil des Alltags. Entdecke, warum Sotogrande Alto zu den etabliertesten und begehrtesten Wohnlagen der Urbanisation z\u00e4hlt.<\/p>\n<p><a class=\"soto-pro__cta\" role=\"button\" href=\"https:\/\/www.sotograndeonline.com\/de\/1178-sotogrande-alto-wie-ist-das-leben-hier-und-warum-gehoert-es-zu-den-exklusivsten-wohnlagen\" aria-label=\"mehr lesen: sotogrande alto\">Mehr lesen<\/a><\/p>\n<\/div>\n<\/article>\n<p><\/p>\n<article class=\"soto-pro__card\">\n<div class=\"soto-pro__media\"><a class=\"soto-pro__media-link\" href=\"https:\/\/www.sotograndeonline.com\/de\/1147-exklusivste-wohnlagen-in-sotogrande\" aria-label=\"Exklusivste Wohnlagen in Sotogrande\"><br \/>\n<img decoding=\"async\" src=\"https:\/\/www.sotograndeonline.com\/wp-content\/uploads\/2022\/05\/sotogrande-puerto.jpg\" alt=\"Exklusivste Wohnlagen in Sotogrande\" \/><br \/>\n<\/a><\/div>\n<p>&nbsp;<\/p>\n<div class=\"soto-pro__body\">\n<h3 class=\"soto-pro__h3\">Exklusivste Wohnlagen in Sotogrande<\/h3>\n<p class=\"soto-pro__p\">Ein \u00dcberblick \u00fcber die wichtigsten Zonen: Costa, Marina, La Reserva und Alto \u2013 und was jede Lage je nach Lebensstil, Priorit\u00e4ten und Umfeld bietet.<\/p>\n<p><a class=\"soto-pro__cta\" role=\"button\" href=\"https:\/\/www.sotograndeonline.com\/de\/1147-exklusivste-wohnlagen-in-sotogrande\" aria-label=\"mehr lesen: exklusivste wohnlagen in sotogrande\">Mehr lesen<\/a><\/p>\n<\/div>\n<\/article>\n<p><\/p>\n<article class=\"soto-pro__card\">\n<div class=\"soto-pro__media\"><a class=\"soto-pro__media-link\" href=\"https:\/\/www.sotograndeonline.com\/de\/1142-leben-in-sotogrande-ein-leitfaden-fuer-alle-die-einen-umzug-in-betracht-ziehen\" aria-label=\"Leben in Sotogrande: ein Leitfaden f\u00fcr alle, die einen Umzug in Betracht ziehen\"><br \/>\n<img decoding=\"async\" src=\"https:\/\/www.sotograndeonline.com\/wp-content\/uploads\/2025\/12\/vivir-en-sotogrande.jpeg\" alt=\"Leben in Sotogrande: ein Leitfaden f\u00fcr alle, die einen Umzug in Betracht ziehen\" \/><br \/>\n<\/a><\/div>\n<p>&nbsp;<\/p>\n<div class=\"soto-pro__body\">\n<h3 class=\"soto-pro__h3\">Leben in Sotogrande: ein Leitfaden f\u00fcr alle, die einen Umzug in Betracht ziehen<\/h3>\n<p class=\"soto-pro__p\">Ein praxisnaher \u00dcberblick zum ganzj\u00e4hrigen Leben in Sotogrande: Zonen, Jahreszeiten, Immobilientypen, Services, internationale Schulen und Anbindung.<\/p>\n<p><a class=\"soto-pro__cta\" role=\"button\" href=\"https:\/\/www.sotograndeonline.com\/de\/1142-leben-in-sotogrande-ein-leitfaden-fuer-alle-die-einen-umzug-in-betracht-ziehen\" aria-label=\"mehr lesen: leben in sotogrande leitfaden\">Mehr lesen<\/a><\/p>\n<\/div>\n<\/article>\n<p><\/p>\n<article class=\"soto-pro__card\">\n<div class=\"soto-pro__media\"><a class=\"soto-pro__media-link\" href=\"https:\/\/www.sotograndeonline.com\/de\/1232-die-besten-wohngegenden-zum-immobilienkauf-in-sotogrande-im-jahr-2026\" aria-label=\"Die besten Wohngegenden zum Immobilienkauf in Sotogrande im Jahr 2026\"><br \/>\n<img decoding=\"async\" src=\"https:\/\/www.sotograndeonline.com\/wp-content\/uploads\/2026\/02\/mejores-zonas-para-comprar-vivienda-en-sotogrande-en-2026.jpeg\" alt=\"Die besten Wohngegenden zum Immobilienkauf in Sotogrande im Jahr 2026\" \/><br \/>\n<\/a><\/div>\n<p>&nbsp;<\/p>\n<div class=\"soto-pro__body\">\n<h3 class=\"soto-pro__h3\">Die besten Wohngegenden zum Immobilienkauf in Sotogrande im Jahr 2026<\/h3>\n<p class=\"soto-pro__p\">Die \u201ebeste\u201c Lage ist nicht zwingend die teuerste, sondern die, die zu dir passt. Erfahre, welche Zonen sinnvoll sind \u2013 je nachdem, ob du dort wohnen, investieren oder ein Zweitdomizil nutzen m\u00f6chtest.<\/p>\n<p><a class=\"soto-pro__cta\" role=\"button\" href=\"https:\/\/www.sotograndeonline.com\/de\/1232-die-besten-wohngegenden-zum-immobilienkauf-in-sotogrande-im-jahr-2026\" aria-label=\"mehr lesen: die besten wohngegenden zum immobilienkauf in sotogrande im jahr 2026\">Mehr lesen<\/a><\/p>\n<\/div>\n<\/article>\n<p><\/p>\n<article class=\"soto-pro__card\">\n<div class=\"soto-pro__media\"><a class=\"soto-pro__media-link\" href=\"https:\/\/www.sotograndeonline.com\/de\/1238-sotogrande-alto-vs-sotogrande-marina-zwei-sehr-unterschiedliche-lebensstile\" aria-label=\"Sotogrande Alto vs Sotogrande Marina: zwei sehr unterschiedliche Lebensstile\"><br \/>\n<img decoding=\"async\" src=\"https:\/\/www.sotograndeonline.com\/wp-content\/uploads\/2026\/02\/sotogrande-alto-vs-marina-de-sotogrande.jpeg\" alt=\"Sotogrande Alto vs Sotogrande Marina: zwei sehr unterschiedliche Lebensstile\" \/><br \/>\n<\/a><\/div>\n<p>&nbsp;<\/p>\n<div class=\"soto-pro__body\">\n<h3 class=\"soto-pro__h3\">Sotogrande Alto vs Sotogrande Marina: zwei sehr unterschiedliche Lebensstile<\/h3>\n<p class=\"soto-pro__p\">Es geht nicht um den Preis, sondern um den Lebensstil: Alto steht f\u00fcr Ruhe, Villen und Privatsph\u00e4re \u2013 die Marina f\u00fcr Wasserlage, Atmosph\u00e4re, Restaurants und kurze Wege.<\/p>\n<p><a class=\"soto-pro__cta\" role=\"button\" href=\"https:\/\/www.sotograndeonline.com\/de\/1238-sotogrande-alto-vs-sotogrande-marina-zwei-sehr-unterschiedliche-lebensstile\" aria-label=\"mehr lesen: sotogrande alto vs sotogrande marina zwei sehr unterschiedliche lebensstile\">Mehr lesen<\/a><\/p>\n<\/div>\n<\/article>\n<p><\/p>\n<article class=\"soto-pro__card\">\n<div class=\"soto-pro__media\"><a class=\"soto-pro__media-link\" href=\"https:\/\/www.sotograndeonline.com\/de\/1244-la-reserva-de-sotogrande-preise-kaeuferprofil-und-warum-sie-so-viel-interesse-weckt\" aria-label=\"La Reserva de Sotogrande: Preise, K\u00e4uferprofil und warum sie so viel Interesse weckt\"><br \/>\n<img decoding=\"async\" src=\"https:\/\/www.sotograndeonline.com\/wp-content\/uploads\/2026\/02\/la-reserva-de-sotogrande.jpg\" alt=\"La Reserva de Sotogrande: Preise, K\u00e4uferprofil und warum sie so viel Interesse weckt\" \/><br \/>\n<\/a><\/div>\n<p>&nbsp;<\/p>\n<div class=\"soto-pro__body\">\n<h3 class=\"soto-pro__h3\">La Reserva de Sotogrande: Preise, K\u00e4uferprofil und warum sie so viel Interesse weckt<\/h3>\n<p class=\"soto-pro__p\">Die modernste, mastergeplante Zone in Sotogrande: zeitgen\u00f6ssische Architektur, offene Ausblicke und ein klar definiertes internationales K\u00e4uferprofil. Premiumpreise und wachsende Nachfrage.<\/p>\n<p><a class=\"soto-pro__cta\" role=\"button\" href=\"https:\/\/www.sotograndeonline.com\/de\/1244-la-reserva-de-sotogrande-preise-kaeuferprofil-und-warum-sie-so-viel-interesse-weckt\" aria-label=\"mehr lesen: la reserva de sotogrande preise k\u00e4uferprofil und interesse\">Mehr lesen<\/a><\/p>\n<\/div>\n<\/article>\n<p><\/p>\n<article class=\"soto-pro__card\">\n<div class=\"soto-pro__media\"><a class=\"soto-pro__media-link\" href=\"https:\/\/www.sotograndeonline.com\/de\/1280-wie-sie-ihr-haus-im-falle-einer-scheidung-in-sotogrande-verkaufen-ohne-den-verkauf-zu-blockieren-oder-unter-wert-zu-veraeussern\" aria-label=\"Wie Sie Ihr Haus im Falle einer Scheidung in Sotogrande verkaufen, ohne den Verkauf zu blockieren oder unter Wert zu ver\u00e4ussern\"><br \/>\n<img decoding=\"async\" src=\"https:\/\/www.sotograndeonline.com\/wp-content\/uploads\/2026\/04\/imgi-2-oficina-scaled-1.jpg\" alt=\"Wie Sie Ihr Haus im Falle einer Scheidung in Sotogrande verkaufen, ohne den Verkauf zu blockieren oder unter Wert zu ver\u00e4ussern\" \/><br \/>\n<\/a><\/div>\n<p>&nbsp;<\/p>\n<div class=\"soto-pro__body\">\n<h3 class=\"soto-pro__h3\">Wie Sie Ihr Haus im Falle einer Scheidung in Sotogrande verkaufen, ohne den Verkauf zu blockieren oder unter Wert zu ver\u00e4ussern<\/h3>\n<p class=\"soto-pro__p\">Wichtige Punkte f\u00fcr den Verkauf einer Immobilie im Rahmen einer Scheidung \u2013 mit mehr Sicherheit, weniger Spannungen und ohne Entscheidungen, die den Immobilienwert unn\u00f6tig beeintr\u00e4chtigen.<\/p>\n<p><a class=\"soto-pro__cta\" role=\"button\" href=\"https:\/\/www.sotograndeonline.com\/de\/1280-wie-sie-ihr-haus-im-falle-einer-scheidung-in-sotogrande-verkaufen-ohne-den-verkauf-zu-blockieren-oder-unter-wert-zu-veraeussern\" aria-label=\"mehr lesen: scheidung in sotogrande hausverkauf\">Mehr lesen<\/a><\/p>\n<\/div>\n<\/article>\n<p><\/p>\n<article class=\"soto-pro__card\">\n<div class=\"soto-pro__media\"><a class=\"soto-pro__media-link\" href=\"https:\/\/www.sotograndeonline.com\/de\/1295-was-ist-ein-anzahlungsvertrag-und-wie-funktioniert-er-beim-kauf-oder-verkauf-eines-hauses-in-sotogrande\" aria-label=\"Was ist ein Anzahlungsvertrag und wie funktioniert er beim Kauf oder Verkauf eines Hauses in Sotogrande\"><br \/>\n<img decoding=\"async\" src=\"https:\/\/www.sotograndeonline.com\/wp-content\/uploads\/2026\/04\/imgi-111-b98le8d7m9k3degnasou4sexs2jetr-piwwselqoqic7jbqerhtcxpajrednhit2l7rqjeu9q3xfr5wkqjnjbzvrg9q45et9aujozmazndarwwxvqvxf2-mkvflg1qa-ypewca9ee6qxucasisqis83xvfmwn4w0uuyik.jpeg\" alt=\"Was ist ein Anzahlungsvertrag und wie funktioniert er beim Kauf oder Verkauf eines Hauses in Sotogrande\" \/><br \/>\n<\/a><\/div>\n<p>&nbsp;<\/p>\n<div class=\"soto-pro__body\">\n<h3 class=\"soto-pro__h3\">Was ist ein Anzahlungsvertrag und wie funktioniert er beim Kauf oder Verkauf eines Hauses in Sotogrande<\/h3>\n<p class=\"soto-pro__p\">Erfahren Sie, was ein Anzahlungsvertrag ist, was er enthalten sollte und was geschieht, wenn eine Partei vor dem Abschluss des Immobilienkaufs in Sotogrande ihre Verpflichtungen nicht erf\u00fcllt.<\/p>\n<p><a class=\"soto-pro__cta\" role=\"button\" href=\"https:\/\/www.sotograndeonline.com\/de\/1295-was-ist-ein-anzahlungsvertrag-und-wie-funktioniert-er-beim-kauf-oder-verkauf-eines-hauses-in-sotogrande\" aria-label=\"mehr lesen: anzahlungsvertrag in sotogrande\">Mehr lesen<\/a><\/p>\n<\/div>\n<\/article>\n<\/div>\n<\/section>\n","protected":false},"excerpt":{"rendered":"<p>Neueste Artikel &nbsp; Leben in Sotogrande Costa Ein ausgewogener Lebensstil zwischen Meer, Gr\u00fcnfl\u00e4chen und Services. Erfahre, wie der Alltag in Sotogrande Costa aussieht und welche Immobilien du in Strandn\u00e4he findest. Mehr lesen &nbsp; Zone B in Sotogrande: eine strategische Wahl zum Wohnen oder Investieren Eine gut angebundene Wohnlage mit klarer Immobilienlogik: proportionierte Grundst\u00fccke, praktische H\u00e4user [&hellip;]<\/p>\n","protected":false},"author":3,"featured_media":0,"parent":0,"menu_order":0,"comment_status":"closed","ping_status":"closed","template":"","meta":{"_acf_changed":false,"footnotes":""},"class_list":["post-1159","page","type-page","status-publish","hentry"],"acf":[],"_links":{"self":[{"href":"https:\/\/www.sotograndeonline.com\/de\/wp-json\/wp\/v2\/pages\/1159","targetHints":{"allow":["GET"]}}],"collection":[{"href":"https:\/\/www.sotograndeonline.com\/de\/wp-json\/wp\/v2\/pages"}],"about":[{"href":"https:\/\/www.sotograndeonline.com\/de\/wp-json\/wp\/v2\/types\/page"}],"author":[{"embeddable":true,"href":"https:\/\/www.sotograndeonline.com\/de\/wp-json\/wp\/v2\/users\/3"}],"replies":[{"embeddable":true,"href":"https:\/\/www.sotograndeonline.com\/de\/wp-json\/wp\/v2\/comments?post=1159"}],"version-history":[{"count":0,"href":"https:\/\/www.sotograndeonline.com\/de\/wp-json\/wp\/v2\/pages\/1159\/revisions"}],"wp:attachment":[{"href":"https:\/\/www.sotograndeonline.com\/de\/wp-json\/wp\/v2\/media?parent=1159"}],"curies":[{"name":"wp","href":"https:\/\/api.w.org\/{rel}","templated":true}]}}