{"id":642,"date":"2022-04-29T12:05:37","date_gmt":"2022-04-29T10:05:37","guid":{"rendered":"https:\/\/www.sotograndeonline.com\/sobre-nosotros"},"modified":"2025-09-03T13:02:18","modified_gmt":"2025-09-03T11:02:18","slug":"uber-uns","status":"publish","type":"page","link":"https:\/\/www.sotograndeonline.com\/de\/uber-uns","title":{"rendered":"\u00dcber uns"},"content":{"rendered":"<p>Der sichere Kauf der idealen Immobilie in Sotogrande f\u00fcr Ihre Familie h\u00e4ngt davon ab, mit einem sehr bekannten, angesehenen und langj\u00e4hrig t\u00e4tigen Immobilienmakler in Sotogrande zusammenzuarbeiten.<\/p>\n<p>Dank einer engen und freundlichen Beziehung zu Immobilieneigent\u00fcmern in Sotogrande (die fr\u00fcher selbst K\u00e4ufer waren) und umfangreicher Kenntnisse aller Bereiche und Besonderheiten von Sotogrande, bieten wir einen wertvollen Service f\u00fcr alle, die eine Immobilie kaufen oder verkaufen m\u00f6chten. Wir sprechen Spanisch, Englisch und Deutsch.<\/p>\n<p>Willkommen bei Sotograndeonline.com und wir freuen uns darauf, Sie bei Ihrem<br \/>\nUmzug nach Sotogrande zu unterst\u00fctzen!<\/p>\n","protected":false},"excerpt":{"rendered":"<p>Der sichere Kauf der idealen Immobilie in Sotogrande f\u00fcr Ihre Familie h\u00e4ngt davon ab, mit einem sehr bekannten, angesehenen und langj\u00e4hrig t\u00e4tigen Immobilienmakler in Sotogrande zusammenzuarbeiten. Dank einer engen und freundlichen Beziehung zu Immobilieneigent\u00fcmern in Sotogrande (die fr\u00fcher selbst K\u00e4ufer waren) und umfangreicher Kenntnisse aller Bereiche und Besonderheiten von Sotogrande, bieten wir einen wertvollen Service [&hellip;]<\/p>\n","protected":false},"author":1,"featured_media":579,"parent":0,"menu_order":0,"comment_status":"closed","ping_status":"closed","template":"template-pages\/about.php","meta":{"_acf_changed":false,"footnotes":""},"class_list":["post-642","page","type-page","status-publish","has-post-thumbnail","hentry"],"acf":[],"_links":{"self":[{"href":"https:\/\/www.sotograndeonline.com\/de\/wp-json\/wp\/v2\/pages\/642","targetHints":{"allow":["GET"]}}],"collection":[{"href":"https:\/\/www.sotograndeonline.com\/de\/wp-json\/wp\/v2\/pages"}],"about":[{"href":"https:\/\/www.sotograndeonline.com\/de\/wp-json\/wp\/v2\/types\/page"}],"author":[{"embeddable":true,"href":"https:\/\/www.sotograndeonline.com\/de\/wp-json\/wp\/v2\/users\/1"}],"replies":[{"embeddable":true,"href":"https:\/\/www.sotograndeonline.com\/de\/wp-json\/wp\/v2\/comments?post=642"}],"version-history":[{"count":0,"href":"https:\/\/www.sotograndeonline.com\/de\/wp-json\/wp\/v2\/pages\/642\/revisions"}],"wp:featuredmedia":[{"embeddable":true,"href":"https:\/\/www.sotograndeonline.com\/de\/wp-json\/wp\/v2\/media\/579"}],"wp:attachment":[{"href":"https:\/\/www.sotograndeonline.com\/de\/wp-json\/wp\/v2\/media?parent=642"}],"curies":[{"name":"wp","href":"https:\/\/api.w.org\/{rel}","templated":true}]}}