{"id":655,"date":"2022-03-23T15:42:22","date_gmt":"2022-03-23T14:42:22","guid":{"rendered":"https:\/\/www.sotograndeonline.com\/about-sotogrande"},"modified":"2022-06-06T08:49:56","modified_gmt":"2022-06-06T06:49:56","slug":"uber-sotogrande","status":"publish","type":"page","link":"https:\/\/www.sotograndeonline.com\/de\/uber-sotogrande","title":{"rendered":"\u00dcber Sotogrande"},"content":{"rendered":"<p>Das Entstehen von Sotogrande geht auf das Jahr 1962 zur\u00fcck und gr\u00fcndete auf einem Konzept, bei dem das Genie\u00dfen von Familienleben und Entspannung im Vordergrund stand. Der Standort erstreckt sich \u00fcber ca. 1.800 Hektar wundersch\u00f6ner Landschaft, vom Mittelmeer bis in dichte W\u00e4lder aus Korkeichen und wilden Oliveb\u00e4umen. Die vielf\u00e4ltigen Sportanlagen, Golfpl\u00e4tze, die internationale Schule, der Sporthafen mit Gesch\u00e4ften, Bars und Restaurants und das Angebot an Hotels in der Umgebung haben dazu gef\u00fchrt, dass die Gegend als eine der herausragendsten Luxuswohngegenden Andalusiens, und damit ganz Spaniens, gilt, wo die Diskretion und nicht aufzufallen besonders gesch\u00e4tzt werden.<\/p>\n<p>Sotogrande geh\u00f6rt zur Gemeinde San Roque in der Provinz C\u00e1diz.<\/p>\n<p>Hier finden wir Villen mit gro\u00dfartigem Blick auf die verschiedenen Golfpl\u00e4tze, das Meer, die Berge und den Fluss oder, wenn es besser zu unserem Lebensstil passt, eine Wohnung mit Blick auf Kan\u00e4le, auf denen von kleinen Booten bis zu gro\u00dfen Segelyachten unterwegs sind. Sotogrande ist Ihre Destination.<\/p>\n<p>Sotogrande bietet eine gro\u00dfe Vielfalt an Sportm\u00f6glichkeiten, wie Tennis, Padel, Polo, Reiten, Fitness, Wassersport, Segeln und Golf.<\/p>\n<img loading=\"lazy\" decoding=\"async\" src=\"https:\/\/www.sotograndeonline.com\/wp-content\/uploads\/2022\/04\/rio-y-paraje-natural-1170x527.jpg\" alt=\"\" width=\"1170\" height=\"527\" class=\"alignnone size-large wp-image-597 img-fluid\" srcset=\"https:\/\/www.sotograndeonline.com\/wp-content\/uploads\/2022\/04\/rio-y-paraje-natural-1170x527.jpg 1170w, https:\/\/www.sotograndeonline.com\/wp-content\/uploads\/2022\/04\/rio-y-paraje-natural-585x263.jpg 585w, https:\/\/www.sotograndeonline.com\/wp-content\/uploads\/2022\/04\/rio-y-paraje-natural-390x176.jpg 390w, https:\/\/www.sotograndeonline.com\/wp-content\/uploads\/2022\/04\/rio-y-paraje-natural-768x346.jpg 768w, https:\/\/www.sotograndeonline.com\/wp-content\/uploads\/2022\/04\/rio-y-paraje-natural-1536x691.jpg 1536w, https:\/\/www.sotograndeonline.com\/wp-content\/uploads\/2022\/04\/rio-y-paraje-natural.jpg 2000w\" sizes=\"auto, (max-width: 1170px) 100vw, 1170px\" \/>\n<h2>Anreise<\/h2>\n<p>Sotogrande hat eine gute Verkehrsanbindung. Die Anreise ist m\u00f6glich \u00fcber die internationalen Airports in Jerez de la Frontera (1 h) und von dort aus \u00fcber die Schnellstra\u00dfe A-381 Richtung Los Barrios, Gibraltar (20 min) und weiter \u00fcber die Schnellstra\u00dfe A-7 Richtung M\u00e1laga; und M\u00e1laga (1 h 20 min) und von dort aus \u00fcber die Autobahn AP-7 oder die Schnellstra\u00dfe A-7 Richtung C\u00e1diz. <\/p>\n<p>Die H\u00e4fen in Algeciras, C\u00e1diz, M\u00e1laga und selbstverst\u00e4ndlich der Sporthafen Sotogrande bieten die M\u00f6glichkeit der Anreise auf dem Seeweg.<\/p>\n<p>Das Verkehrsnetz wird durch weitere hervorragende Stra\u00dfen erg\u00e4nzt, wozu auch Autobahnen und Schnellstra\u00dfen geh\u00f6ren.<\/p>\n<p>Auch mit der Bahn sind die St\u00e4dte M\u00e1laga und Algeciras zu erreichen.<\/p>\n<a href=\"https:\/\/goo.gl\/maps\/hZf4xnxx3wqiF8qu7\" target=\"_blank\" rel=\"noopener,nofollow noopener\"><img loading=\"lazy\" decoding=\"async\" src=\"https:\/\/www.sotograndeonline.com\/wp-content\/uploads\/2022\/04\/mapa-sotogrande-1170x658.png\" alt=\"\" width=\"1170\" height=\"658\" class=\"alignnone size-large wp-image-587 img-fluid\" srcset=\"https:\/\/www.sotograndeonline.com\/wp-content\/uploads\/2022\/04\/mapa-sotogrande-1170x658.png 1170w, https:\/\/www.sotograndeonline.com\/wp-content\/uploads\/2022\/04\/mapa-sotogrande-585x329.png 585w, https:\/\/www.sotograndeonline.com\/wp-content\/uploads\/2022\/04\/mapa-sotogrande-390x219.png 390w, https:\/\/www.sotograndeonline.com\/wp-content\/uploads\/2022\/04\/mapa-sotogrande-768x432.png 768w, https:\/\/www.sotograndeonline.com\/wp-content\/uploads\/2022\/04\/mapa-sotogrande.png 1357w\" sizes=\"auto, (max-width: 1170px) 100vw, 1170px\" \/><\/a>\n<h2>Puerto de Sotogrande<\/h2>\n<p>Puerto Sotogrande liegt in S\u00fcdspanien, in der als Campo de Gibraltar bekannten Gegend, wo die Provinzen C\u00e1diz und M\u00e1laga zusammentreffen. Der Hafen ist Teil der luxuri\u00f6sen und exklusiven Siedlung Sotogrande, einer international renommierten Touristikdestination. Die vorhandenen Sport- und Freizeitinfrastrukturen sind herausragend.<\/p>\n<h3>Nautik<\/h3>\n<p>Puerto Sotogrande bietet seinen Nutzern und Besuchern 1.382 Liegepl\u00e4tze f\u00fcr zwischen 8 und 70 m Bootsl\u00e4nge, um Ihnen eine einzigartige Nautikerfahrung zu bieten. Die Liegepl\u00e4tze befinden sich in zwei differenzierten Bereichen verteilt: Zum einen im \u00e4u\u00dferen Hafen und zum anderen in dem zur Marina geh\u00f6renden Bereich.<\/p>\n<img loading=\"lazy\" decoding=\"async\" src=\"https:\/\/www.sotograndeonline.com\/wp-content\/uploads\/2022\/04\/Puerto-1170x780.jpg\" alt=\"\" width=\"1170\" height=\"780\" class=\"alignnone size-large wp-image-607 img-fluid\" srcset=\"https:\/\/www.sotograndeonline.com\/wp-content\/uploads\/2022\/04\/Puerto-1170x780.jpg 1170w, https:\/\/www.sotograndeonline.com\/wp-content\/uploads\/2022\/04\/Puerto-585x390.jpg 585w, https:\/\/www.sotograndeonline.com\/wp-content\/uploads\/2022\/04\/Puerto-390x260.jpg 390w, https:\/\/www.sotograndeonline.com\/wp-content\/uploads\/2022\/04\/Puerto-768x512.jpg 768w, https:\/\/www.sotograndeonline.com\/wp-content\/uploads\/2022\/04\/Puerto.jpg 1500w\" sizes=\"auto, (max-width: 1170px) 100vw, 1170px\" \/>\n<p>Puerto Sotogrande verf\u00fcgt \u00fcber Anlagen zur Wartung und Reparatur von Booten von bis zu 35 Metern L\u00e4nge.<br \/>\nIm Puerto Deportivo Sotogrande selbst gibt es auch eine stattliche Zahl an Restaurants und Bars, die einen wunderbaren Blick auf Boote, Yachten und nat\u00fcrlich auf die beeindruckende Stra\u00dfe von Gibraltar bieten.<br \/>\nDar\u00fcber hinaus gibt es auch Boutiquen, Einrichtungsh\u00e4user, Superm\u00e4rkte, Nautikshop und Fitness-Studio. <\/p>\n<p>Weitere Info unter: www.puertosotogrande.es<\/p>\n<\/div>\n<div class=\"interior-video-wrap aspect-box panoramic-plus mb-4\"><a href=\"https:\/\/vimeo.com\/713203263?rel=0\" class=\"stretched-link\" data-fancybox=\"postmedia\" target=\"_blank\" rel=\"noopener\"><img decoding=\"async\" class=\"image-fit\" src=\"https:\/\/i.vimeocdn.com\/video\/1437846083-0314612760307dcadedcbe8437e34192bea4f21770c1085a446afc504c7e719d-d_1280?region=us\"><\/a><\/div>\n<div class=\"main-content\">\n<h2>Golf<\/h2>\n<p>Sotogrande ist ein Paradies f\u00fcr Golfer! Hier gibt es 5 Pl\u00e4tze. <\/p>\n<img loading=\"lazy\" decoding=\"async\" src=\"https:\/\/www.sotograndeonline.com\/wp-content\/uploads\/2022\/04\/Golf-1170x658.jpg\" alt=\"\" width=\"1170\" height=\"658\" class=\"alignnone size-large wp-image-604 img-fluid\" srcset=\"https:\/\/www.sotograndeonline.com\/wp-content\/uploads\/2022\/04\/Golf-1170x658.jpg 1170w, https:\/\/www.sotograndeonline.com\/wp-content\/uploads\/2022\/04\/Golf-585x329.jpg 585w, https:\/\/www.sotograndeonline.com\/wp-content\/uploads\/2022\/04\/Golf-390x219.jpg 390w, https:\/\/www.sotograndeonline.com\/wp-content\/uploads\/2022\/04\/Golf-768x432.jpg 768w, https:\/\/www.sotograndeonline.com\/wp-content\/uploads\/2022\/04\/Golf.jpg 1500w\" sizes=\"auto, (max-width: 1170px) 100vw, 1170px\" \/>\n<h4>Real Club de Golf Valderrama<\/h4>\n<p>An erster Stelle zu nennen ist der Real Club de Golf Valderrama, der als einer der besten Pl\u00e4tze Europas gilt und wo Turniere von der  Bedeutung des Ryder Cup &#8217;97 gespielt wurden, Austragungsort des Turniers Volvo Masters, American Express Championship und Sitz der Andaluc\u00eda Masters.<\/p>\n<ul>\n<li><a href=\"https:\/\/www.valderrama.com\" target=\"_blank\" rel=\"noopener\">www.valderrama.com<\/a><\/li>\n<li>Tel.: 956 79 12 00<\/li>\n<li>Avenida los Cortijos, s\/n, 11310 Sotogrande, C\u00e1diz<\/li>\n<\/ul>\n<h4>El Real Club de Golf Sotogrande<\/h4>\n<p>Der erste Golfplatz in Sotogrande, der 1964 vom renommierten Robert Trent Jones gestaltet wurde.<\/p>\n<ul>\n<li><a href=\"https:\/\/www.golfsotogrande.com\" target=\"_blank\" rel=\"noopener\">www.golfsotogrande.com<\/a><\/li>\n<li>Tel.: 956 78 50 14<\/li>\n<li>Paseo del Parque, 11310 Sotogrande, C\u00e1diz<\/li>\n<\/ul>\n<h3>Weitere Pl\u00e4tze in und um Sotogrande <\/h3>\n<h4>Almenara Golf Club<\/h4>\n<ul>\n<li><a href=\"https:\/\/www.almenaragolfsotogrande.com\" target=\"_blank\" rel=\"noopener\">www.almenaragolfsotogrande.com<\/a><\/li>\n<li>Tel.: 956 58 20 54<\/li>\n<li>Avenida Almenara, s\/n, 11310 Sotogrande, C\u00e1diz<\/li>\n<\/ul>\n<h4>La Reserva Club Sotogrande<\/h4>\n<ul>\n<li><a href=\"https:\/\/www.lareservaclubsotogrande.com\" target=\"_blank\" rel=\"noopener\">www.lareservaclubsotogrande.com<\/a><\/li>\n<li>Tel.: 956 78 52 52<\/li>\n<li>Avenida La Reserva, s\/n, 11310 Sotogrande, C\u00e1diz<\/li>\n<\/ul>\n<h4>Club de Golf La Ca\u00f1ada<\/h4>\n<ul>\n<li><a href=\"https:\/\/www.lacanadagolf.com\" target=\"_blank\" rel=\"noopener\">www.lacanadagolf.com<\/a><\/li>\n<li>Tel.: 956 79 41 00<\/li>\n<li>A-2103, Km 1, 11311 San Roque, C\u00e1diz<\/li>\n<\/ul>\n<h4>Alcaidesa Links Golf Resort<\/h4>\n<ul>\n<li><a href=\"https:\/\/www.alcaidesagolf.com\" target=\"_blank\" rel=\"noopener\">www.alcaidesagolf.com<\/a><\/li>\n<li>Tel.: 956 79 10 40<\/li>\n<li>Avenida del Golf s\/n, 11360 San Roque, C\u00e1diz<\/li>\n<\/ul>\n<h2>Polo in Sotogrande<\/h2>\n<p>Der erste Poloplatz in Sotogrande wurde um 1965 angelegt. Das legend\u00e4re Spielfeld La Playa neben dem Real Club de Golf Sotogrande und dem Beachclub El Cucurucho, jetzt Trocadero. <\/p>\n<blockquote><p>\n1971 wurde zum ersten Mal die ber\u00fchmte Meisterschaft Copa de Oro de Sotogrande gespielt. Wenige ahnten damals, dass das Spiel in Sotogrande so tief wurzeln w\u00fcrde. Heute zieht es jedes Jahr mehr Spielbegeisterte an.\n<\/p><\/blockquote>\n<p>Die sportlichen Anlagen sind A 1. Jeden Sommer wird das exklusive Turnier Torneo Internacional de Polo ausgetragen, was dazu gef\u00fchrt hat, dass der Club zu den besten der Welt geh\u00f6rt, in dem dieser Reitsport u. a. an 365 Tagen im Jahr m\u00f6glich ist.<\/p>\n<p>Neben den sportlichen Anlagen wird auch die M\u00f6glichkeit der Ausrichtung von Events geboten und besonders m\u00f6chten wir auch das AFTER POLO nennen, das am Abend f\u00fcr Partyliebhaber \u00f6ffnet.<\/p>\n<p>Mehr Infos unter: www.santamariapoloclub.com<\/p>\n<\/div>\n<div class=\"interior-video-wrap aspect-box panoramic-plus mb-4\"><a href=\"https:\/\/vimeo.com\/713203215?rel=0\" class=\"stretched-link\" data-fancybox=\"postmedia\" target=\"_blank\" rel=\"noopener\"><img decoding=\"async\" class=\"image-fit\" src=\"https:\/\/i.vimeocdn.com\/video\/1437847489-366ebdb0df161ec43b86297f3ab0cd81fb3beb962080766b3776fcd35e6104fb-d_1280?region=us\"><\/a><\/div>\n<div class=\"main-content\">\n<h2>Weitere Sportarten, die in Sotogrande m\u00f6glich sind<\/h2>\n<h3>Tennis<\/h3>\n<p>Es gibt hier drei Tennis und Padel Clubs: <\/p>\n<p>Sotogrande Racquet Centre, La Reserva de Sotogrande und El Oct\u00f3gono.<\/p>\n<p>Alle bieten beleuchtete Courts, Zement\u2011 und Sandpl\u00e4tze.<\/p>\n<h3>Reiten<\/h3>\n<p>Dazu haben wir hier die neue Anlage Santa Maria Equestrian Club, am Standort Canchas de Puente de Hierro.<\/p>\n<p>Der Dressur- und Poloclub Dos Lunas Club de Doma y Polo befindet sich 20 Minuten entfernt von Sotogrande und bietet herrliche Reitanlagen.<\/p>\n<p>Innerhalb von Sotogrande finden wir auch Reitzentrum Centro Ecuestre, wo Ausritte und ein Springplatz angeboten werden.<\/p>\n<h3>Radsport<\/h3>\n<p>Aufgrund der Lage von Sotogrande ist der Radsport hier eine der beliebtesten Sportarten, sei es als Stra\u00dfenradsport, denn das Netz von Landstra\u00dfen erm\u00f6glicht unz\u00e4hlige Touren, oder auf den Hunderten von Trails und Feldwegen, wo Naturliebhaber auf ihre Kosten kommen.<\/p>\n<p>Auch zum Wandern gibt es reichlich Gelegenheit, denn gleich angrenzend liegen der Naturpark Alcornocales und das Gebirge Serran\u00eda de Ronda.<\/p>\n<\/div>\n<div class=\"interior-video-wrap aspect-box panoramic-plus mb-4\"><a href=\"https:\/\/vimeo.com\/713203345?rel=0\" class=\"stretched-link\" data-fancybox=\"postmedia\" target=\"_blank\" rel=\"noopener\"><img decoding=\"async\" class=\"image-fit\" src=\"https:\/\/i.vimeocdn.com\/video\/1437847056-d74af21bfc0890fd2453b2253da36517ab69df913e08616503ad8d914d9ac443-d_1280?region=us\"><\/a><\/div>\n<div class=\"main-content\">\n","protected":false},"excerpt":{"rendered":"<p>Das Entstehen von Sotogrande geht auf das Jahr 1962 zur\u00fcck und gr\u00fcndete auf einem Konzept, bei dem das Genie\u00dfen von Familienleben und Entspannung im Vordergrund stand. Der Standort erstreckt sich \u00fcber ca. 1.800 Hektar wundersch\u00f6ner Landschaft, vom Mittelmeer bis in dichte W\u00e4lder aus Korkeichen und wilden Oliveb\u00e4umen. Die vielf\u00e4ltigen Sportanlagen, Golfpl\u00e4tze, die internationale Schule, der [&hellip;]<\/p>\n","protected":false},"author":1,"featured_media":595,"parent":0,"menu_order":0,"comment_status":"closed","ping_status":"closed","template":"","meta":{"_acf_changed":false,"footnotes":""},"class_list":["post-655","page","type-page","status-publish","has-post-thumbnail","hentry"],"acf":[],"_links":{"self":[{"href":"https:\/\/www.sotograndeonline.com\/de\/wp-json\/wp\/v2\/pages\/655","targetHints":{"allow":["GET"]}}],"collection":[{"href":"https:\/\/www.sotograndeonline.com\/de\/wp-json\/wp\/v2\/pages"}],"about":[{"href":"https:\/\/www.sotograndeonline.com\/de\/wp-json\/wp\/v2\/types\/page"}],"author":[{"embeddable":true,"href":"https:\/\/www.sotograndeonline.com\/de\/wp-json\/wp\/v2\/users\/1"}],"replies":[{"embeddable":true,"href":"https:\/\/www.sotograndeonline.com\/de\/wp-json\/wp\/v2\/comments?post=655"}],"version-history":[{"count":0,"href":"https:\/\/www.sotograndeonline.com\/de\/wp-json\/wp\/v2\/pages\/655\/revisions"}],"wp:featuredmedia":[{"embeddable":true,"href":"https:\/\/www.sotograndeonline.com\/de\/wp-json\/wp\/v2\/media\/595"}],"wp:attachment":[{"href":"https:\/\/www.sotograndeonline.com\/de\/wp-json\/wp\/v2\/media?parent=655"}],"curies":[{"name":"wp","href":"https:\/\/api.w.org\/{rel}","templated":true}]}}