{"id":663,"date":"2021-01-27T13:33:17","date_gmt":"2021-01-27T12:33:17","guid":{"rendered":"https:\/\/www.sotograndeonline.com\/properties"},"modified":"2025-09-03T08:37:16","modified_gmt":"2025-09-03T06:37:16","slug":"properties","status":"publish","type":"page","link":"https:\/\/www.sotograndeonline.com\/de","title":{"rendered":"Immobilien Sotogrande von <br>Consuelo Silva Immobilien"},"content":{"rendered":"<p>Das Entstehen von Sotogrande geht auf das Jahr 1962 zur\u00fcck und gr\u00fcndete auf einem Konzept, bei dem das Genie\u00dfen von Familienleben und Entspannung im Vordergrund stand. Der Standort erstreckt sich \u00fcber ca. 1.800 Hektar wundersch\u00f6ner Landschaft, vom Mittelmeer bis in dichte W\u00e4lder aus Korkeichen und wilden Oliveb\u00e4umen. Die vielf\u00e4ltigen Sportanlagen, Golfpl\u00e4tze, die internationale Schule, der Sporthafen mit Gesch\u00e4ften, Bars und Restaurants und das Angebot an Hotels in der Umgebung haben dazu gef\u00fchrt, dass die Gegend als eine der herausragendsten Luxuswohngegenden Andalusiens, und damit ganz Spaniens, gilt, wo die Diskretion und nicht aufzufallen besonders gesch\u00e4tzt werden.<\/p>\n<p>Sotogrande bietet eine gro\u00dfe Vielfalt an Sportm\u00f6glichkeiten, wie Tennis, Padel, Polo, Reiten, Fitness, Wassersport, Segeln und Golf.<\/p>\n","protected":false},"excerpt":{"rendered":"<p>Das Entstehen von Sotogrande geht auf das Jahr 1962 zur\u00fcck und gr\u00fcndete auf einem Konzept, bei dem das Genie\u00dfen von Familienleben und Entspannung im Vordergrund stand. Der Standort erstreckt sich \u00fcber ca. 1.800 Hektar wundersch\u00f6ner Landschaft, vom Mittelmeer bis in dichte W\u00e4lder aus Korkeichen und wilden Oliveb\u00e4umen. Die vielf\u00e4ltigen Sportanlagen, Golfpl\u00e4tze, die internationale Schule, der [&hellip;]<\/p>\n","protected":false},"author":1,"featured_media":0,"parent":0,"menu_order":0,"comment_status":"closed","ping_status":"closed","template":"","meta":{"_acf_changed":false,"footnotes":""},"class_list":["post-663","page","type-page","status-publish","hentry"],"acf":[],"_links":{"self":[{"href":"https:\/\/www.sotograndeonline.com\/de\/wp-json\/wp\/v2\/pages\/663","targetHints":{"allow":["GET"]}}],"collection":[{"href":"https:\/\/www.sotograndeonline.com\/de\/wp-json\/wp\/v2\/pages"}],"about":[{"href":"https:\/\/www.sotograndeonline.com\/de\/wp-json\/wp\/v2\/types\/page"}],"author":[{"embeddable":true,"href":"https:\/\/www.sotograndeonline.com\/de\/wp-json\/wp\/v2\/users\/1"}],"replies":[{"embeddable":true,"href":"https:\/\/www.sotograndeonline.com\/de\/wp-json\/wp\/v2\/comments?post=663"}],"version-history":[{"count":0,"href":"https:\/\/www.sotograndeonline.com\/de\/wp-json\/wp\/v2\/pages\/663\/revisions"}],"wp:attachment":[{"href":"https:\/\/www.sotograndeonline.com\/de\/wp-json\/wp\/v2\/media?parent=663"}],"curies":[{"name":"wp","href":"https:\/\/api.w.org\/{rel}","templated":true}]}}