{"id":1162,"date":"2026-01-23T13:21:53","date_gmt":"2026-01-23T12:21:53","guid":{"rendered":"https:\/\/www.sotograndeonline.com\/?page_id=1162"},"modified":"2026-04-17T01:58:39","modified_gmt":"2026-04-16T23:58:39","slug":"blog","status":"publish","type":"page","link":"https:\/\/www.sotograndeonline.com\/es\/blog","title":{"rendered":"Blog"},"content":{"rendered":"<style><span data-mce-type=\"bookmark\" style=\"display: inline-block; width: 0px; overflow: hidden; line-height: 0;\" class=\"mce_SELRES_start\">\ufeff<\/span><br \/>  \/* === SOTO PRO LIST (blindado WordPress) === *\/<br \/>  .soto-pro, .soto-pro * { box-sizing: border-box; }<\/p>\n<p>  .soto-pro{<br \/>    --brand:#6593c4;<br \/>    --text:#0f172a;<br \/>    --muted:#475569;<br \/>    --line:#e6eaf0;<br \/>    --bg:#ffffff;<\/p>\n<p>    max-width: 1100px;<br \/>    margin: 40px auto;<br \/>    padding: 0 16px;<br \/>    font-family: ui-sans-serif, system-ui, -apple-system, \"Segoe UI\", Roboto, Arial, \"Noto Sans\", \"Helvetica Neue\", sans-serif;<br \/>    color: var(--text);<br \/>  }<\/p>\n<p>  .soto-pro__head{ margin:0 0 18px; }<br \/>  .soto-pro__title{<br \/>    margin:0;<br \/>    font-weight:900;<br \/>    letter-spacing:-0.02em;<br \/>    font-size: clamp(22px, 2.2vw, 30px);<br \/>    line-height:1.1;<br \/>  }<br \/>  .soto-pro__underline{<br \/>    height:3px; width:72px; margin-top:10px;<br \/>    background: var(--brand);<br \/>    border-radius:999px;<br \/>  }<\/p>\n<p>  .soto-pro__grid{<br \/>    display:grid;<br \/>    gap:22px;<br \/>    grid-template-columns:1fr;<br \/>  }<br \/>  @media (min-width: 640px){<br \/>    .soto-pro__grid{ grid-template-columns: repeat(2, minmax(0, 1fr)); }<br \/>  }<\/p>\n<p>  .soto-pro__card{<br \/>    background: var(--bg);<br \/>    border: 1px solid var(--line);<br \/>    border-radius: 16px;<br \/>    overflow:hidden;<br \/>    box-shadow: 0 10px 30px rgba(15,23,42,.06);<br \/>    transition: transform .25s ease, box-shadow .25s ease, border-color .25s ease;<br \/>    display:flex;<br \/>    flex-direction:column;<br \/>  }<br \/>  .soto-pro__card:hover{<br \/>    transform: translateY(-4px);<br \/>    box-shadow: 0 18px 45px rgba(15,23,42,.12);<br \/>    border-color: rgba(101,147,196,.45);<br \/>  }<\/p>\n<p>  .soto-pro__media{<br \/>    position:relative;<br \/>    aspect-ratio:16\/9;<br \/>    background:#eef2f7;<br \/>    overflow:hidden;<br \/>  }<\/p>\n<p>  \/* image link (prevents theme underline\/color changes) *\/<br \/>  .soto-pro .soto-pro__media-link{<br \/>    display:block !important;<br \/>    text-decoration:none !important;<br \/>    color: inherit !important;<br \/>  }<br \/>  .soto-pro .soto-pro__media-link:focus{ outline:none !important; }<br \/>  .soto-pro .soto-pro__media-link:focus-visible{<br \/>    outline: 3px solid rgba(101,147,196,.35) !important;<br \/>    outline-offset: 3px !important;<br \/>  }<\/p>\n<p>  .soto-pro__media img{<br \/>    width:100%;<br \/>    height:100%;<br \/>    object-fit:cover;<br \/>    display:block;<br \/>    transform: scale(1.01);<br \/>    transition: transform .5s ease;<br \/>  }<br \/>  .soto-pro__card:hover .soto-pro__media img{ transform: scale(1.06); }<\/p>\n<p>  .soto-pro__media::after{<br \/>    content:\"\";<br \/>    position:absolute; inset:0;<br \/>    background: linear-gradient(to bottom, rgba(15,23,42,.10), rgba(15,23,42,.40));<br \/>    pointer-events:none;<br \/>  }<\/p>\n<p>  .soto-pro__badge{<br \/>    position:absolute; top:14px; left:14px; z-index:2;<br \/>    display:inline-flex; align-items:center;<br \/>    padding:7px 10px;<br \/>    border-radius:999px;<br \/>    font-size:12px;<br \/>    font-weight:800;<br \/>    letter-spacing:.06em;<br \/>    text-transform:uppercase;<br \/>    color:#fff;<br \/>    background: rgba(101,147,196,.92);<br \/>    border: 1px solid rgba(255,255,255,.25);<br \/>    backdrop-filter: blur(6px);<br \/>  }<\/p>\n<p>  .soto-pro__body{<br \/>    padding: 18px 18px 20px;<br \/>    display:flex;<br \/>    flex-direction:column;<br \/>    gap:10px;<br \/>    flex:1;<br \/>  }<\/p>\n<p>  .soto-pro__h3{<br \/>    margin:0;<br \/>    font-weight:900;<br \/>    letter-spacing:-0.01em;<br \/>    font-size:18px;<br \/>    line-height:1.25;<br \/>  }<\/p>\n<p>  .soto-pro__p{<br \/>    margin:0;<br \/>    color: var(--muted);<br \/>    font-size:14px;<br \/>    line-height:1.55;<br \/>    flex:1;<\/p>\n<p>    \/* clamp to 4 lines *\/<br \/>    display:-webkit-box;<br \/>    -webkit-line-clamp: 4;<br \/>    -webkit-box-orient: vertical;<br \/>    overflow:hidden;<br \/>  }<\/p>\n<p>  \/* === \"READ MORE\" BUTTON (max priority) === *\/<br \/>  .soto-pro .soto-pro__body a.soto-pro__cta{<br \/>    display:inline-flex !important;<br \/>    align-items:center !important;<br \/>    justify-content:center !important;<br \/>    gap:10px !important;<\/p>\n<p>    width: fit-content !important;<br \/>    padding: 11px 16px !important;<br \/>    border-radius: 12px !important;<\/p>\n<p>    background: #6593c4 !important;<br \/>    color: #fff !important;<\/p>\n<p>    border: 1px solid rgba(0,0,0,.06) !important;<br \/>    text-decoration: none !important;<br \/>    font-weight: 900 !important;<br \/>    font-size: 14px !important;<br \/>    letter-spacing: .01em !important;<br \/>    line-height: 1 !important;<\/p>\n<p>    box-shadow: 0 10px 20px rgba(101,147,196,.28) !important;<br \/>    transition: transform .18s ease, box-shadow .18s ease, filter .18s ease !important;<\/p>\n<p>    margin-top: 10px !important;<br \/>  }<\/p>\n<p>  .soto-pro .soto-pro__body a.soto-pro__cta:hover{<br \/>    transform: translateY(-2px) !important;<br \/>    box-shadow: 0 16px 28px rgba(101,147,196,.36) !important;<br \/>    filter: brightness(1.03) !important;<br \/>  }<br \/>  .soto-pro .soto-pro__body a.soto-pro__cta:active{<br \/>    transform: translateY(0px) !important;<br \/>  }<br \/>  .soto-pro .soto-pro__body a.soto-pro__cta:focus{ outline:none !important; }<br \/>  .soto-pro .soto-pro__body a.soto-pro__cta:focus-visible{<br \/>    outline: 3px solid rgba(101,147,196,.35) !important;<br \/>    outline-offset: 3px !important;<br \/>  }<br \/><\/style>\n<section class=\"soto-pro\" aria-label=\"latest articles\">\n<div class=\"soto-pro__head\">\n<h2 class=\"soto-pro__title\">\u00daltimos art\u00edculos<\/h2>\n<div class=\"soto-pro__underline\"><\/div>\n<\/div>\n<div class=\"soto-pro__grid\">\n<p><\/p>\n<article class=\"soto-pro__card\">\n<div class=\"soto-pro__media\"><a class=\"soto-pro__media-link\" href=\"https:\/\/www.sotograndeonline.com\/es\/1201-vivir-en-sotogrande-costa\" aria-label=\"Vivir en Sotogrande Costa\"><br \/>\n<img decoding=\"async\" src=\"https:\/\/www.sotograndeonline.com\/wp-content\/uploads\/2026\/02\/sotogrande-costa.jpg\" alt=\"Vivir en Sotogrande Costa\" \/><br \/>\n<\/a><\/div>\n<p>&nbsp;<\/p>\n<div class=\"soto-pro__body\">\n<h3 class=\"soto-pro__h3\">Vivir en Sotogrande Costa<\/h3>\n<p class=\"soto-pro__p\">Equilibrio perfecto entre mar, zonas verdes y servicios. Descubre c\u00f3mo es el d\u00eda a d\u00eda en Sotogrande Costa y qu\u00e9 tipo de viviendas puedes encontrar cerca de la playa.<\/p>\n<p><a class=\"soto-pro__cta\" role=\"button\" href=\"https:\/\/www.sotograndeonline.com\/es\/1201-vivir-en-sotogrande-costa\" aria-label=\"leer m\u00e1s: vivir en sotogrande costa\">Leer m\u00e1s<\/a><\/p>\n<\/div>\n<\/article>\n<p><\/p>\n<article class=\"soto-pro__card\">\n<div class=\"soto-pro__media\"><a class=\"soto-pro__media-link\" href=\"https:\/\/www.sotograndeonline.com\/es\/1213-zona-b-en-sotogrande-una-eleccion-estrategica-para-vivir-o-invertir\" aria-label=\"Zona B en Sotogrande: una elecci\u00f3n estrat\u00e9gica para vivir o invertir\"><br \/>\n<img decoding=\"async\" src=\"https:\/\/www.sotograndeonline.com\/wp-content\/uploads\/2026\/02\/sotogrande-zona-b.jpg\" alt=\"Zona B en Sotogrande: una elecci\u00f3n estrat\u00e9gica para vivir o invertir\" \/><br \/>\n<\/a><\/div>\n<p>&nbsp;<\/p>\n<div class=\"soto-pro__body\">\n<h3 class=\"soto-pro__h3\">Zona B en Sotogrande: una elecci\u00f3n estrat\u00e9gica para vivir o invertir<\/h3>\n<p class=\"soto-pro__p\">Una zona residencial bien conectada y con alta coherencia inmobiliaria: parcelas proporcionadas, viviendas pr\u00e1cticas y potencial de inversi\u00f3n a medio y largo plazo.<\/p>\n<p><a class=\"soto-pro__cta\" role=\"button\" href=\"https:\/\/www.sotograndeonline.com\/es\/1213-zona-b-en-sotogrande-una-eleccion-estrategica-para-vivir-o-invertir\" aria-label=\"leer m\u00e1s: zona b en sotogrande\">Leer m\u00e1s<\/a><\/p>\n<\/div>\n<\/article>\n<p><\/p>\n<article class=\"soto-pro__card\">\n<div class=\"soto-pro__media\"><a class=\"soto-pro__media-link\" href=\"https:\/\/www.sotograndeonline.com\/es\/1186-la-marina-de-sotogrande-como-es-vivir-junto-al-puerto-y-que-tipo-de-propiedades-se-pueden-encontrar\" aria-label=\"La Marina de Sotogrande: c\u00f3mo es vivir junto al puerto y qu\u00e9 tipo de propiedades se pueden encontrar\"><br \/>\n<img decoding=\"async\" src=\"https:\/\/www.sotograndeonline.com\/wp-content\/uploads\/2026\/02\/vivir-en-sotogrande-marina.jpg\" alt=\"La Marina de Sotogrande: c\u00f3mo es vivir junto al puerto y qu\u00e9 tipo de propiedades se pueden encontrar\" \/><br \/>\n<\/a><\/div>\n<p>&nbsp;<\/p>\n<div class=\"soto-pro__body\">\n<h3 class=\"soto-pro__h3\">La Marina de Sotogrande: c\u00f3mo es vivir junto al puerto y qu\u00e9 tipo de propiedades se pueden encontrar<\/h3>\n<p class=\"soto-pro__p\">Vida junto al agua, ambiente social y todo a pie. Conoce el estilo de vida de la Marina y los apartamentos y \u00e1ticos m\u00e1s habituales, algunos con amarre privado.<\/p>\n<p><a class=\"soto-pro__cta\" role=\"button\" href=\"https:\/\/www.sotograndeonline.com\/es\/1186-la-marina-de-sotogrande-como-es-vivir-junto-al-puerto-y-que-tipo-de-propiedades-se-pueden-encontrar\" aria-label=\"leer m\u00e1s: la marina de sotogrande\">Leer m\u00e1s<\/a><\/p>\n<\/div>\n<\/article>\n<p><\/p>\n<article class=\"soto-pro__card\">\n<div class=\"soto-pro__media\"><a class=\"soto-pro__media-link\" href=\"https:\/\/www.sotograndeonline.com\/es\/1165-sotogrande-alto-como-es-vivir-aqui-y-por-que-es-una-de-las-zonas-mas-exclusivas\" aria-label=\"Sotogrande Alto: c\u00f3mo es vivir aqu\u00ed y por qu\u00e9 es una de las zonas m\u00e1s exclusivas\"><br \/>\n<img decoding=\"async\" src=\"https:\/\/www.sotograndeonline.com\/wp-content\/uploads\/2026\/01\/vivir-en-sotogrande-alto.jpeg\" alt=\"Sotogrande Alto: c\u00f3mo es vivir aqu\u00ed y por qu\u00e9 es una de las zonas m\u00e1s exclusivas\" \/><br \/>\n<\/a><\/div>\n<p>&nbsp;<\/p>\n<div class=\"soto-pro__body\">\n<h3 class=\"soto-pro__h3\">Sotogrande Alto: c\u00f3mo es vivir aqu\u00ed y por qu\u00e9 es una de las zonas m\u00e1s exclusivas<\/h3>\n<p class=\"soto-pro__p\">Privacidad, tranquilidad y golf como parte del d\u00eda a d\u00eda. Descubre por qu\u00e9 Sotogrande Alto es una de las \u00e1reas m\u00e1s consolidadas y deseadas de la urbanizaci\u00f3n.<\/p>\n<p><a class=\"soto-pro__cta\" role=\"button\" href=\"https:\/\/www.sotograndeonline.com\/es\/1165-sotogrande-alto-como-es-vivir-aqui-y-por-que-es-una-de-las-zonas-mas-exclusivas\" aria-label=\"leer m\u00e1s: sotogrande alto\">Leer m\u00e1s<\/a><\/p>\n<\/div>\n<\/article>\n<p><\/p>\n<article class=\"soto-pro__card\">\n<div class=\"soto-pro__media\"><a class=\"soto-pro__media-link\" href=\"https:\/\/www.sotograndeonline.com\/es\/1145-zonas-mas-exclusivas-de-sotogrande\" aria-label=\"Zonas m\u00e1s exclusivas de Sotogrande\"><br \/>\n<img decoding=\"async\" src=\"https:\/\/www.sotograndeonline.com\/wp-content\/uploads\/2022\/05\/sotogrande-puerto.jpg\" alt=\"Zonas m\u00e1s exclusivas de Sotogrande\" \/><br \/>\n<\/a><\/div>\n<p>&nbsp;<\/p>\n<div class=\"soto-pro__body\">\n<h3 class=\"soto-pro__h3\">Zonas m\u00e1s exclusivas de Sotogrande<\/h3>\n<p class=\"soto-pro__p\">Un recorrido por las zonas clave: Costa, Marina, La Reserva y Alto. Qu\u00e9 ofrece cada una y c\u00f3mo elegir la ubicaci\u00f3n que mejor encaja con tu estilo de vida.<\/p>\n<p><a class=\"soto-pro__cta\" role=\"button\" href=\"https:\/\/www.sotograndeonline.com\/es\/1145-zonas-mas-exclusivas-de-sotogrande\" aria-label=\"leer m\u00e1s: zonas m\u00e1s exclusivas de sotogrande\">Leer m\u00e1s<\/a><\/p>\n<\/div>\n<\/article>\n<p><\/p>\n<article class=\"soto-pro__card\">\n<div class=\"soto-pro__media\"><a class=\"soto-pro__media-link\" href=\"https:\/\/www.sotograndeonline.com\/es\/1134-vivir-en-sotogrande-guia-para-quienes-se-plantean-mudarse\" aria-label=\"Vivir en Sotogrande: gu\u00eda para quienes se plantean mudarse\"><br \/>\n<img decoding=\"async\" src=\"https:\/\/www.sotograndeonline.com\/wp-content\/uploads\/2025\/12\/vivir-en-sotogrande.jpeg\" alt=\"Vivir en Sotogrande: gu\u00eda para quienes se plantean mudarse\" \/><br \/>\n<\/a><\/div>\n<p>&nbsp;<\/p>\n<div class=\"soto-pro__body\">\n<h3 class=\"soto-pro__h3\">Vivir en Sotogrande: gu\u00eda para quienes se plantean mudarse<\/h3>\n<p class=\"soto-pro__p\">Gu\u00eda pr\u00e1ctica para entender c\u00f3mo es vivir en Sotogrande todo el a\u00f1o: zonas, temporadas, tipolog\u00edas de vivienda, servicios, colegios y conectividad.<\/p>\n<p><a class=\"soto-pro__cta\" role=\"button\" href=\"https:\/\/www.sotograndeonline.com\/es\/1134-vivir-en-sotogrande-guia-para-quienes-se-plantean-mudarse\" aria-label=\"leer m\u00e1s: vivir en sotogrande gu\u00eda\">Leer m\u00e1s<\/a><\/p>\n<\/div>\n<\/article>\n<p><\/p>\n<article class=\"soto-pro__card\">\n<div class=\"soto-pro__media\"><a class=\"soto-pro__media-link\" href=\"https:\/\/www.sotograndeonline.com\/es\/1228-mejores-zonas-para-comprar-vivienda-en-sotogrande-en-2026\" aria-label=\"Mejores zonas para comprar vivienda en Sotogrande en 2026\"><br \/>\n<img decoding=\"async\" src=\"https:\/\/www.sotograndeonline.com\/wp-content\/uploads\/2026\/02\/mejores-zonas-para-comprar-vivienda-en-sotogrande-en-2026.jpeg\" alt=\"Mejores zonas para comprar vivienda en Sotogrande en 2026\" \/><br \/>\n<\/a><\/div>\n<p>&nbsp;<\/p>\n<div class=\"soto-pro__body\">\n<h3 class=\"soto-pro__h3\">Mejores zonas para comprar vivienda en Sotogrande en 2026<\/h3>\n<p class=\"soto-pro__p\">Sotogrande no es un \u00fanico estilo de vida: depende de si buscas residencia principal, inversi\u00f3n o segunda vivienda. Te explicamos qu\u00e9 zonas encajan mejor seg\u00fan tu perfil y objetivos.<\/p>\n<p><a class=\"soto-pro__cta\" role=\"button\" href=\"https:\/\/www.sotograndeonline.com\/es\/1228-mejores-zonas-para-comprar-vivienda-en-sotogrande-en-2026\" aria-label=\"leer m\u00e1s: mejores zonas para comprar vivienda en sotogrande en 2026\">Leer m\u00e1s<\/a><\/p>\n<\/div>\n<\/article>\n<p><\/p>\n<article class=\"soto-pro__card\">\n<div class=\"soto-pro__media\"><a class=\"soto-pro__media-link\" href=\"https:\/\/www.sotograndeonline.com\/es\/1234-sotogrande-alto-vs-marina-de-sotogrande-dos-estilos-de-vida-muy-diferentes\" aria-label=\"Sotogrande Alto vs Marina de Sotogrande: dos estilos de vida muy diferentes\"><br \/>\n<img decoding=\"async\" src=\"https:\/\/www.sotograndeonline.com\/wp-content\/uploads\/2026\/02\/sotogrande-alto-vs-marina-de-sotogrande.jpeg\" alt=\"Sotogrande Alto vs Marina de Sotogrande: dos estilos de vida muy diferentes\" \/><br \/>\n<\/a><\/div>\n<p>&nbsp;<\/p>\n<div class=\"soto-pro__body\">\n<h3 class=\"soto-pro__h3\">Sotogrande Alto vs Marina de Sotogrande: dos estilos de vida muy diferentes<\/h3>\n<p class=\"soto-pro__p\">No es una cuesti\u00f3n de precio, es de c\u00f3mo quieres vivir: villas y privacidad en Alto vs vida social, canales y puerto en la Marina. Te ayudamos a elegir con criterio.<\/p>\n<p><a class=\"soto-pro__cta\" role=\"button\" href=\"https:\/\/www.sotograndeonline.com\/es\/1234-sotogrande-alto-vs-marina-de-sotogrande-dos-estilos-de-vida-muy-diferentes\" aria-label=\"leer m\u00e1s: sotogrande alto vs marina de sotogrande\">Leer m\u00e1s<\/a><\/p>\n<\/div>\n<\/article>\n<p><\/p>\n<article class=\"soto-pro__card\">\n<div class=\"soto-pro__media\"><a class=\"soto-pro__media-link\" href=\"https:\/\/www.sotograndeonline.com\/es\/1240-la-reserva-de-sotogrande-precios-perfil-y-por-que-esta-atrayendo-tanto-interes\" aria-label=\"La Reserva de Sotogrande: precios, perfil y por qu\u00e9 est\u00e1 atrayendo tanto inter\u00e9s\"><br \/>\n<img decoding=\"async\" src=\"https:\/\/www.sotograndeonline.com\/wp-content\/uploads\/2026\/02\/la-reserva-de-sotogrande.jpg\" alt=\"La Reserva de Sotogrande: precios, perfil y por qu\u00e9 est\u00e1 atrayendo tanto inter\u00e9s\" \/><br \/>\n<\/a><\/div>\n<p>&nbsp;<\/p>\n<div class=\"soto-pro__body\">\n<h3 class=\"soto-pro__h3\">La Reserva de Sotogrande: precios, perfil y por qu\u00e9 est\u00e1 atrayendo tanto inter\u00e9s<\/h3>\n<p class=\"soto-pro__p\">La zona m\u00e1s contempor\u00e1nea y planificada: arquitectura moderna, vistas abiertas y un perfil comprador internacional muy definido. Rangos premium y una demanda en crecimiento.<\/p>\n<p><a class=\"soto-pro__cta\" role=\"button\" href=\"https:\/\/www.sotograndeonline.com\/es\/1240-la-reserva-de-sotogrande-precios-perfil-y-por-que-esta-atrayendo-tanto-interes\" aria-label=\"leer m\u00e1s: la reserva de sotogrande precios perfil e interes\">Leer m\u00e1s<\/a><\/p>\n<\/div>\n<\/article>\n<p><\/p>\n<article class=\"soto-pro__card\">\n<div class=\"soto-pro__media\"><a class=\"soto-pro__media-link\" href=\"https:\/\/www.sotograndeonline.com\/es\/1269-como-vender-su-casa-en-un-divorcio-en-sotogrande-sin-bloquear-la-operacion-ni-malvender\" aria-label=\"C\u00f3mo vender su casa en un divorcio en Sotogrande sin bloquear la operaci\u00f3n ni malvender\"><br \/>\n<img decoding=\"async\" src=\"https:\/\/www.sotograndeonline.com\/wp-content\/uploads\/2026\/04\/imgi-2-oficina-scaled-1.jpg\" alt=\"C\u00f3mo vender su casa en un divorcio en Sotogrande sin bloquear la operaci\u00f3n ni malvender\" \/><br \/>\n<\/a><\/div>\n<p>&nbsp;<\/p>\n<div class=\"soto-pro__body\">\n<h3 class=\"soto-pro__h3\">C\u00f3mo vender su casa en un divorcio en Sotogrande sin bloquear la operaci\u00f3n ni malvender<\/h3>\n<p class=\"soto-pro__p\">Claves para vender una vivienda en un proceso de divorcio con m\u00e1s seguridad, evitando bloqueos, tensiones innecesarias y decisiones que puedan perjudicar el valor del inmueble.<\/p>\n<p><a class=\"soto-pro__cta\" role=\"button\" href=\"https:\/\/www.sotograndeonline.com\/es\/1269-como-vender-su-casa-en-un-divorcio-en-sotogrande-sin-bloquear-la-operacion-ni-malvender\" aria-label=\"leer m\u00e1s: c\u00f3mo vender su casa en un divorcio en sotogrande\">Leer m\u00e1s<\/a><\/p>\n<\/div>\n<\/article>\n<p><\/p>\n<article class=\"soto-pro__card\">\n<div class=\"soto-pro__media\"><a class=\"soto-pro__media-link\" href=\"https:\/\/www.sotograndeonline.com\/es\/1284-que-es-el-contrato-de-arras-y-por-que-es-tan-importante-en-una-compraventa-en-sotogrande\" aria-label=\"Qu\u00e9 es el contrato de arras y por qu\u00e9 es tan importante en una compraventa en Sotogrande\"><br \/>\n<img decoding=\"async\" src=\"https:\/\/www.sotograndeonline.com\/wp-content\/uploads\/2026\/04\/imgi-111-b98le8d7m9k3degnasou4sexs2jetr-piwwselqoqic7jbqerhtcxpajrednhit2l7rqjeu9q3xfr5wkqjnjbzvrg9q45et9aujozmazndarwwxvqvxf2-mkvflg1qa-ypewca9ee6qxucasisqis83xvfmwn4w0uuyik.jpeg\" alt=\"Qu\u00e9 es el contrato de arras y por qu\u00e9 es tan importante en una compraventa en Sotogrande\" \/><br \/>\n<\/a><\/div>\n<p>&nbsp;<\/p>\n<div class=\"soto-pro__body\">\n<h3 class=\"soto-pro__h3\">Qu\u00e9 es el contrato de arras y por qu\u00e9 es tan importante en una compraventa en Sotogrande<\/h3>\n<p class=\"soto-pro__p\">Descubra qu\u00e9 es un contrato de arras, qu\u00e9 debe incluir y qu\u00e9 ocurre si una de las partes incumple antes de cerrar la compraventa en Sotogrande.<\/p>\n<p><a class=\"soto-pro__cta\" role=\"button\" href=\"https:\/\/www.sotograndeonline.com\/es\/1284-que-es-el-contrato-de-arras-y-por-que-es-tan-importante-en-una-compraventa-en-sotogrande\" aria-label=\"leer m\u00e1s: qu\u00e9 es el contrato de arras en sotogrande\">Leer m\u00e1s<\/a><\/p>\n<\/div>\n<\/article>\n<\/div>\n<\/section>\n","protected":false},"excerpt":{"rendered":"<p>\u00daltimos art\u00edculos &nbsp; Vivir en Sotogrande Costa Equilibrio perfecto entre mar, zonas verdes y servicios. Descubre c\u00f3mo es el d\u00eda a d\u00eda en Sotogrande Costa y qu\u00e9 tipo de viviendas puedes encontrar cerca de la playa. Leer m\u00e1s &nbsp; Zona B en Sotogrande: una elecci\u00f3n estrat\u00e9gica para vivir o invertir Una zona residencial bien conectada [&hellip;]<\/p>\n","protected":false},"author":3,"featured_media":0,"parent":0,"menu_order":0,"comment_status":"closed","ping_status":"closed","template":"","meta":{"_acf_changed":false,"footnotes":""},"class_list":["post-1162","page","type-page","status-publish","hentry"],"acf":[],"_links":{"self":[{"href":"https:\/\/www.sotograndeonline.com\/es\/wp-json\/wp\/v2\/pages\/1162","targetHints":{"allow":["GET"]}}],"collection":[{"href":"https:\/\/www.sotograndeonline.com\/es\/wp-json\/wp\/v2\/pages"}],"about":[{"href":"https:\/\/www.sotograndeonline.com\/es\/wp-json\/wp\/v2\/types\/page"}],"author":[{"embeddable":true,"href":"https:\/\/www.sotograndeonline.com\/es\/wp-json\/wp\/v2\/users\/3"}],"replies":[{"embeddable":true,"href":"https:\/\/www.sotograndeonline.com\/es\/wp-json\/wp\/v2\/comments?post=1162"}],"version-history":[{"count":0,"href":"https:\/\/www.sotograndeonline.com\/es\/wp-json\/wp\/v2\/pages\/1162\/revisions"}],"wp:attachment":[{"href":"https:\/\/www.sotograndeonline.com\/es\/wp-json\/wp\/v2\/media?parent=1162"}],"curies":[{"name":"wp","href":"https:\/\/api.w.org\/{rel}","templated":true}]}}