{"id":638,"date":"2022-04-29T12:05:37","date_gmt":"2022-04-29T10:05:37","guid":{"rendered":"https:\/\/www.sotograndeonline.com\/?page_id=638"},"modified":"2025-09-03T13:01:50","modified_gmt":"2025-09-03T11:01:50","slug":"sobre-nosotros","status":"publish","type":"page","link":"https:\/\/www.sotograndeonline.com\/es\/sobre-nosotros","title":{"rendered":"Sobre nosotros"},"content":{"rendered":"<p>Comprar de forma segura la propiedad ideal en Sotogrande para tu familia depende de trabajar con un agencia inmobiliaria muy reconocida, respetada y con una larga trayectoria en la zona.<br \/>\nGracias a una relaci\u00f3n cercana y cordial con los propietarios de Sotogrande (que en su d\u00eda fueron compradores), y a un profundo conocimiento de todas las \u00e1reas e informaci\u00f3n privilegiada de Sotogrande, ofrecemos un servicio valioso tanto a quienes desean comprar como vender una propiedad.<\/p>\n<p>Hablamos espa\u00f1ol, ingl\u00e9s y alem\u00e1n.<br \/>\n\u00a1Bienvenido a Sotograndeonline.com y esperamos poder ayudarle en su traslado a Sotogrande!<\/p>\n","protected":false},"excerpt":{"rendered":"<p>Comprar de forma segura la propiedad ideal en Sotogrande para tu familia depende de trabajar con un agencia inmobiliaria muy reconocida, respetada y con una larga trayectoria en la zona. Gracias a una relaci\u00f3n cercana y cordial con los propietarios de Sotogrande (que en su d\u00eda fueron compradores), y a un profundo conocimiento de todas [&hellip;]<\/p>\n","protected":false},"author":1,"featured_media":580,"parent":0,"menu_order":0,"comment_status":"closed","ping_status":"closed","template":"template-pages\/about.php","meta":{"_acf_changed":false,"footnotes":""},"class_list":["post-638","page","type-page","status-publish","has-post-thumbnail","hentry"],"acf":[],"_links":{"self":[{"href":"https:\/\/www.sotograndeonline.com\/es\/wp-json\/wp\/v2\/pages\/638","targetHints":{"allow":["GET"]}}],"collection":[{"href":"https:\/\/www.sotograndeonline.com\/es\/wp-json\/wp\/v2\/pages"}],"about":[{"href":"https:\/\/www.sotograndeonline.com\/es\/wp-json\/wp\/v2\/types\/page"}],"author":[{"embeddable":true,"href":"https:\/\/www.sotograndeonline.com\/es\/wp-json\/wp\/v2\/users\/1"}],"replies":[{"embeddable":true,"href":"https:\/\/www.sotograndeonline.com\/es\/wp-json\/wp\/v2\/comments?post=638"}],"version-history":[{"count":0,"href":"https:\/\/www.sotograndeonline.com\/es\/wp-json\/wp\/v2\/pages\/638\/revisions"}],"wp:featuredmedia":[{"embeddable":true,"href":"https:\/\/www.sotograndeonline.com\/es\/wp-json\/wp\/v2\/media\/580"}],"wp:attachment":[{"href":"https:\/\/www.sotograndeonline.com\/es\/wp-json\/wp\/v2\/media?parent=638"}],"curies":[{"name":"wp","href":"https:\/\/api.w.org\/{rel}","templated":true}]}}