{"id":656,"date":"2022-03-23T15:42:22","date_gmt":"2022-03-23T14:42:22","guid":{"rendered":"https:\/\/www.sotograndeonline.com\/about-sotogrande"},"modified":"2022-06-06T08:49:59","modified_gmt":"2022-06-06T06:49:59","slug":"sobre-sotogrande","status":"publish","type":"page","link":"https:\/\/www.sotograndeonline.com\/es\/sobre-sotogrande","title":{"rendered":"Know Sotogrande with Consuelo Silva"},"content":{"rendered":"<p>La creaci\u00f3n de Sotogrande se remonta al a\u00f1o 1962 con una filosof\u00eda del disfrute de la vida familiar y tranquilidad. Se encuentra enclavada en aproximadamente 1.800 hect\u00e1reas, ofreciendo un paisaje hermoso que va desde el mar mediterr\u00e1neo hasta los frondosos bosques de alcornoques y acebuches. Los m\u00faltiples equipamientos deportivos, campos de golf, colegio internacional, puerto deportivo con tiendas, bares y restaurantes y la oferta hotelera de la zona han propiciado que se la considere una de las principales zonas residenciales de lujo de Andaluc\u00eda y por ende de Espa\u00f1a, donde la discreci\u00f3n y ser uno m\u00e1s, son los mayores atrayentes.<\/p>\n<p>Pertenece al municipio de San Roque, provincia de C\u00e1diz.<\/p>\n<p>Nos encontramos con villas con magn\u00edficas vistas a los diferentes campos de golf, mar, monta\u00f1as y al r\u00edo o si queremos el concepto de vivir en un apartamento con vistas a canales por donde ver navegar desde peque\u00f1as embarcaciones a grandes veleros, Sotogrande es tu destino.<br \/>\nSotogrande tiene una gran variedad de actividades deportivas como tenis, padel, polo, h\u00edpica, gimnasios, deportes acu\u00e1ticos, vela y golf.<\/p>\n<img loading=\"lazy\" decoding=\"async\" src=\"https:\/\/www.sotograndeonline.com\/wp-content\/uploads\/2022\/04\/rio-y-paraje-natural-1170x527.jpg\" alt=\"\" width=\"1170\" height=\"527\" class=\"alignnone size-large wp-image-597 img-fluid\" srcset=\"https:\/\/www.sotograndeonline.com\/wp-content\/uploads\/2022\/04\/rio-y-paraje-natural-1170x527.jpg 1170w, https:\/\/www.sotograndeonline.com\/wp-content\/uploads\/2022\/04\/rio-y-paraje-natural-585x263.jpg 585w, https:\/\/www.sotograndeonline.com\/wp-content\/uploads\/2022\/04\/rio-y-paraje-natural-390x176.jpg 390w, https:\/\/www.sotograndeonline.com\/wp-content\/uploads\/2022\/04\/rio-y-paraje-natural-768x346.jpg 768w, https:\/\/www.sotograndeonline.com\/wp-content\/uploads\/2022\/04\/rio-y-paraje-natural-1536x691.jpg 1536w, https:\/\/www.sotograndeonline.com\/wp-content\/uploads\/2022\/04\/rio-y-paraje-natural.jpg 2000w\" sizes=\"auto, (max-width: 1170px) 100vw, 1170px\" \/>\n<h2>C\u00f3mo llegar<\/h2>\n<p>Los puertos mar\u00edtimos de Algeciras, C\u00e1diz, M\u00e1laga y por supuesto el Puerto Deportivo de Sotogrande ofrecen la posibilidad de hacerlo por mar.<\/p>\n<p>La red de comunicaciones se completa con unas excelentes carreteras, entre las que se cuentan autov\u00edas y autopistas.<\/p>\n<p>Tambi\u00e9n se puede llegar por tren a las ciudades de M\u00e1laga y Algeciras.<\/p>\n<a href=\"https:\/\/goo.gl\/maps\/hZf4xnxx3wqiF8qu7\" target=\"_blank\" rel=\"noopener,nofollow noopener\"><img loading=\"lazy\" decoding=\"async\" src=\"https:\/\/www.sotograndeonline.com\/wp-content\/uploads\/2022\/04\/mapa-sotogrande-1170x658.png\" alt=\"\" width=\"1170\" height=\"658\" class=\"alignnone size-large wp-image-587 img-fluid\" srcset=\"https:\/\/www.sotograndeonline.com\/wp-content\/uploads\/2022\/04\/mapa-sotogrande-1170x658.png 1170w, https:\/\/www.sotograndeonline.com\/wp-content\/uploads\/2022\/04\/mapa-sotogrande-585x329.png 585w, https:\/\/www.sotograndeonline.com\/wp-content\/uploads\/2022\/04\/mapa-sotogrande-390x219.png 390w, https:\/\/www.sotograndeonline.com\/wp-content\/uploads\/2022\/04\/mapa-sotogrande-768x432.png 768w, https:\/\/www.sotograndeonline.com\/wp-content\/uploads\/2022\/04\/mapa-sotogrande.png 1357w\" sizes=\"auto, (max-width: 1170px) 100vw, 1170px\" \/><\/a>\n<h2>Puerto de Sotogrande<\/h2>\n<p>Puerto Sotogrande est\u00e1 situado en el sur de Espa\u00f1a, en la zona denominada Campo de Gibraltar, ubicado en el l\u00edmite entre las provincias de C\u00e1diz y M\u00e1laga, enclavado en la lujosa y exclusiva urbanizaci\u00f3n de Sotogrande, centro tur\u00edstico de reconocido prestigio internacional.  Dispone de extraordinarias infraestructuras de deporte y ocio.<\/p>\n<h3>N\u00e1utica<\/h3>\n<p>Puerto Sotogrande ofrece a sus usuarios y visitantes 1.382 amarres o atraques entre 8 y 70 metros de eslora para que su experiencia n\u00e1utica sea \u00fanica. Los atraques se encuentran distribuidos en dos zonas diferenciadas: por un lado, el Puerto Exterior y, por otro lado, la zona que corresponde a La Marina.<\/p>\n<img loading=\"lazy\" decoding=\"async\" src=\"https:\/\/www.sotograndeonline.com\/wp-content\/uploads\/2022\/04\/Puerto-1170x780.jpg\" alt=\"\" width=\"1170\" height=\"780\" class=\"alignnone size-large wp-image-607 img-fluid\" srcset=\"https:\/\/www.sotograndeonline.com\/wp-content\/uploads\/2022\/04\/Puerto-1170x780.jpg 1170w, https:\/\/www.sotograndeonline.com\/wp-content\/uploads\/2022\/04\/Puerto-585x390.jpg 585w, https:\/\/www.sotograndeonline.com\/wp-content\/uploads\/2022\/04\/Puerto-390x260.jpg 390w, https:\/\/www.sotograndeonline.com\/wp-content\/uploads\/2022\/04\/Puerto-768x512.jpg 768w, https:\/\/www.sotograndeonline.com\/wp-content\/uploads\/2022\/04\/Puerto.jpg 1500w\" sizes=\"auto, (max-width: 1170px) 100vw, 1170px\" \/>\n<p>Puerto Sotogrande cuenta con instalaciones para el mantenimiento y reparaci\u00f3n de barcos de hasta 35 metros de eslora. <\/p>\n<p>Enclavados en el mismo Puerto Deportivo Sotogrande se encuentran un buen n\u00famero de restaurantes y bares desde los cuales podr\u00e1s disfrutar de unas vistas extraordinarias de barcos, veleros y como no del imponente Estrecho de Gibraltar as\u00ed como tambi\u00e9n boutiques, tiendas de decoraci\u00f3n, supermercado, tienda  n\u00e1utica y gimnasio. <\/p>\n<p>Para m\u00e1s informaci\u00f3n: www.puertosotogrande.es<\/p>\n<\/div>\n<div class=\"interior-video-wrap aspect-box panoramic-plus mb-4\"><a href=\"https:\/\/vimeo.com\/713203263?rel=0\" class=\"stretched-link\" data-fancybox=\"postmedia\" target=\"_blank\" rel=\"noopener\"><img decoding=\"async\" class=\"image-fit\" src=\"https:\/\/i.vimeocdn.com\/video\/1437846083-0314612760307dcadedcbe8437e34192bea4f21770c1085a446afc504c7e719d-d_1280?region=us\"><\/a><\/div>\n<div class=\"main-content\">\n<h2>Golf<\/h2>\n<p>Sotogrande es un para\u00edso para los aficionados al golf ya que cuenta con 5 campos. <\/p>\n<img loading=\"lazy\" decoding=\"async\" src=\"https:\/\/www.sotograndeonline.com\/wp-content\/uploads\/2022\/04\/Golf-1170x658.jpg\" alt=\"\" width=\"1170\" height=\"658\" class=\"alignnone size-large wp-image-604 img-fluid\" srcset=\"https:\/\/www.sotograndeonline.com\/wp-content\/uploads\/2022\/04\/Golf-1170x658.jpg 1170w, https:\/\/www.sotograndeonline.com\/wp-content\/uploads\/2022\/04\/Golf-585x329.jpg 585w, https:\/\/www.sotograndeonline.com\/wp-content\/uploads\/2022\/04\/Golf-390x219.jpg 390w, https:\/\/www.sotograndeonline.com\/wp-content\/uploads\/2022\/04\/Golf-768x432.jpg 768w, https:\/\/www.sotograndeonline.com\/wp-content\/uploads\/2022\/04\/Golf.jpg 1500w\" sizes=\"auto, (max-width: 1170px) 100vw, 1170px\" \/>\n<h4>Real Club de Golf Valderrama<\/h4>\n<p>A destacar el Real club de golf Valderrama que es considerado uno de los mejores campos de Europa donde se han jugado torneos de la importancia de la Ryder Cup &#8217;97, sede del Torneo Volvo Masters, de los Campeonatos del Mundo de Golf American Express y sede del Andaluc\u00eda Masters.<\/p>\n<ul>\n<li><a href=\"https:\/\/www.valderrama.com\" target=\"_blank\" rel=\"noopener\">www.valderrama.com<\/a><\/li>\n<li>Tel\u00e9fono: 956 79 12 00<\/li>\n<li>Avenida los Cortijos, s\/n, 11310 Sotogrande, C\u00e1diz<\/li>\n<\/ul>\n<h4>El Real Club de Golf Sotogrande<\/h4>\n<p>Fue el primer campo de golf en Sotogrande y fue dise\u00f1ado por el prestigioso Robert Trent Jones en el a\u00f1o 1964.<\/p>\n<ul>\n<li><a href=\"https:\/\/www.golfsotogrande.com\" target=\"_blank\" rel=\"noopener\">www.golfsotogrande.com<\/a><\/li>\n<li>Tel\u00e9fono: 956 78 50 14<\/li>\n<li>Paseo del Parque, 11310 Sotogrande, C\u00e1diz<\/li>\n<\/ul>\n<h3>Otros campos dentro de Sotogrande y alrededores<\/h3>\n<h4>Almenara Golf Club<\/h4>\n<ul>\n<li><a href=\"https:\/\/www.almenaragolfsotogrande.com\" target=\"_blank\" rel=\"noopener\">www.almenaragolfsotogrande.com<\/a><\/li>\n<li>Tel\u00e9fono: 956 58 20 54<\/li>\n<li>Avenida Almenara, s\/n, 11310 Sotogrande, C\u00e1diz<\/li>\n<\/ul>\n<h4>La Reserva Club Sotogrande<\/h4>\n<ul>\n<li><a href=\"https:\/\/www.lareservaclubsotogrande.com\" target=\"_blank\" rel=\"noopener\">www.lareservaclubsotogrande.com<\/a><\/li>\n<li>Tel\u00e9fono: 956 78 52 52<\/li>\n<li>Avenida La Reserva, s\/n, 11310 Sotogrande, C\u00e1diz<\/li>\n<\/ul>\n<h4>Club de Golf La Ca\u00f1ada<\/h4>\n<ul>\n<li><a href=\"https:\/\/www.lacanadagolf.com\" target=\"_blank\" rel=\"noopener\">www.lacanadagolf.com<\/a><\/li>\n<li>Tel\u00e9fono: 956 79 41 00<\/li>\n<li>A-2103, Km 1, 11311 San Roque, C\u00e1diz<\/li>\n<\/ul>\n<h4>Alcaidesa Links Golf Resort<\/h4>\n<ul>\n<li><a href=\"https:\/\/www.alcaidesagolf.com\" target=\"_blank\" rel=\"noopener\">www.alcaidesagolf.com<\/a><\/li>\n<li>Tel\u00e9fono: 956 79 10 40<\/li>\n<li>Avenida del Golf s\/n, 11360 San Roque, C\u00e1diz<\/li>\n<\/ul>\n<h2>El Polo en Sotogrande<\/h2>\n<p>El primer campo de polo en Sotogrande se construy\u00f3 hacia 1965. la m\u00edtica cancha de La Playa, junto al Real Club de Golf Sotogrande y el Club de Playa El Cucurucho, actualmente Trocadero. <\/p>\n<blockquote><p>\nEn 1971 se jug\u00f3 por primera vez la famosa Copa de Oro de Sotogrande. Pocos pod\u00edan pensar por aquel entonces que ser\u00eda el inicio de lo que hoy d\u00eda es una afici\u00f3n totalmente arraigada en Sotogrande y que cada a\u00f1o atrae a m\u00e1s aficionados.\n<\/p><\/blockquote>\n<p>Adem\u00e1s, sus instalaciones tambi\u00e9n nos ofrecen la oportunidad de celebrar eventos y tambi\u00e9n podemos destacar el AFTER POLO cuya actividad se desarrolla durante las noches para los amantes de la fiesta.<\/p>\n<p>In addition, its facilities can also be hired to celebrate events and include AFTER POLO, where night owls gather to party.<\/p>\n<p>Para m\u00e1s informaci\u00f3n: www.santamariapoloclub.com<\/p>\n<\/div>\n<div class=\"interior-video-wrap aspect-box panoramic-plus mb-4\"><a href=\"https:\/\/vimeo.com\/713203215?rel=0\" class=\"stretched-link\" data-fancybox=\"postmedia\" target=\"_blank\" rel=\"noopener\"><img decoding=\"async\" class=\"image-fit\" src=\"https:\/\/i.vimeocdn.com\/video\/1437847489-366ebdb0df161ec43b86297f3ab0cd81fb3beb962080766b3776fcd35e6104fb-d_1280?region=us\"><\/a><\/div>\n<div class=\"main-content\">\n<h2>Otros deportes que se pueden practicar en Sotogrande<\/h2>\n<h3>Tenis<\/h3>\n<p>Por otra parte, dispone de Tres clubes de tenis y padel: <\/p>\n<p>Sotogrande Racquet Centre, La Reserva de Sotogrande y el Oct\u00f3gono.<\/p>\n<p>Todos cuentan con pistas iluminadas, pistas r\u00e1pidas y de tierra batida.<\/p>\n<h3>Equitaci\u00f3n<\/h3>\n<p>Nos encontramos con la nueva instalaci\u00f3n de Santa Maria Equestrian Club ubicadas en canchas de puente de Hierro.<\/p>\n<p>Dos Lunas club de Doma y polo, se encuentra a 20 minutos de Sotogrande y ofrece unas magn\u00edficas instalaciones para la pr\u00e1ctica del deporte ecuestre.<\/p>\n<p>Tambi\u00e9n dentro de la urbanizaci\u00f3n encontramos el centro ecuestre, donde ofrecen paseos a caballo y zona de salto.<\/p>\n<h3>Ciclismo<\/h3>\n<p>Debido a la ubicaci\u00f3n de Sotogrande, el ciclismo es otro de los deportes m\u00e1s practicados ya sea en modalidad de carretera aprovechando la red de carreteras comarcales donde se pueden hacer infinidad de rutas, o para los que quieren disfrutar de la naturaleza existen cientos de senderos o caminos rurales de los que poder disfrutar.<\/p>\n<p>Tambi\u00e9n se puede disfrutar del senderismo al lindar con el Parque Natural de los Alcornocales y la Serran\u00eda de Ronda.<\/p>\n<\/div>\n<div class=\"interior-video-wrap aspect-box panoramic-plus mb-4\"><a href=\"https:\/\/vimeo.com\/713203345?rel=0\" class=\"stretched-link\" data-fancybox=\"postmedia\" target=\"_blank\" rel=\"noopener\"><img decoding=\"async\" class=\"image-fit\" src=\"https:\/\/i.vimeocdn.com\/video\/1437847056-d74af21bfc0890fd2453b2253da36517ab69df913e08616503ad8d914d9ac443-d_1280?region=us\"><\/a><\/div>\n<div class=\"main-content\">\n","protected":false},"excerpt":{"rendered":"<p>La creaci\u00f3n de Sotogrande se remonta al a\u00f1o 1962 con una filosof\u00eda del disfrute de la vida familiar y tranquilidad. Se encuentra enclavada en aproximadamente 1.800 hect\u00e1reas, ofreciendo un paisaje hermoso que va desde el mar mediterr\u00e1neo hasta los frondosos bosques de alcornoques y acebuches. Los m\u00faltiples equipamientos deportivos, campos de golf, colegio internacional, puerto [&hellip;]<\/p>\n","protected":false},"author":1,"featured_media":596,"parent":0,"menu_order":0,"comment_status":"closed","ping_status":"closed","template":"","meta":{"_acf_changed":false,"footnotes":""},"class_list":["post-656","page","type-page","status-publish","has-post-thumbnail","hentry"],"acf":[],"_links":{"self":[{"href":"https:\/\/www.sotograndeonline.com\/es\/wp-json\/wp\/v2\/pages\/656","targetHints":{"allow":["GET"]}}],"collection":[{"href":"https:\/\/www.sotograndeonline.com\/es\/wp-json\/wp\/v2\/pages"}],"about":[{"href":"https:\/\/www.sotograndeonline.com\/es\/wp-json\/wp\/v2\/types\/page"}],"author":[{"embeddable":true,"href":"https:\/\/www.sotograndeonline.com\/es\/wp-json\/wp\/v2\/users\/1"}],"replies":[{"embeddable":true,"href":"https:\/\/www.sotograndeonline.com\/es\/wp-json\/wp\/v2\/comments?post=656"}],"version-history":[{"count":0,"href":"https:\/\/www.sotograndeonline.com\/es\/wp-json\/wp\/v2\/pages\/656\/revisions"}],"wp:featuredmedia":[{"embeddable":true,"href":"https:\/\/www.sotograndeonline.com\/es\/wp-json\/wp\/v2\/media\/596"}],"wp:attachment":[{"href":"https:\/\/www.sotograndeonline.com\/es\/wp-json\/wp\/v2\/media?parent=656"}],"curies":[{"name":"wp","href":"https:\/\/api.w.org\/{rel}","templated":true}]}}