{"id":664,"date":"2021-01-27T13:33:17","date_gmt":"2021-01-27T12:33:17","guid":{"rendered":"https:\/\/www.sotograndeonline.com\/properties"},"modified":"2025-09-03T08:36:53","modified_gmt":"2025-09-03T06:36:53","slug":"properties","status":"publish","type":"page","link":"https:\/\/www.sotograndeonline.com\/es","title":{"rendered":"Propiedades en Sotogrande por <br>Inmobiliaria Consuelo Silva"},"content":{"rendered":"<p>La creaci\u00f3n de Sotogrande se remonta al a\u00f1o 1962 con una filosof\u00eda del disfrute de la vida familiar y tranquilidad. Se encuentra enclavada en aproximadamente 1.800 hect\u00e1reas, ofreciendo un paisaje hermoso que va desde el mar mediterr\u00e1neo hasta los frondosos bosques de alcornoques y acebuches. Los m\u00faltiples equipamientos deportivos, campos de golf, colegio internacional, puerto deportivo con tiendas, bares y restaurantes y la oferta hotelera de la zona han propiciado que se la considere una de las principales zonas residenciales de lujo de Andaluc\u00eda y por ende de Espa\u00f1a, donde la discreci\u00f3n y ser uno m\u00e1s, son los mayores atrayentes.<\/p>\n<p>Sotogrande tiene una gran variedad de actividades deportivas como tenis, padel, polo, h\u00edpica, gimnasios, deportes acu\u00e1ticos, vela y golf.<\/p>\n","protected":false},"excerpt":{"rendered":"<p>La creaci\u00f3n de Sotogrande se remonta al a\u00f1o 1962 con una filosof\u00eda del disfrute de la vida familiar y tranquilidad. Se encuentra enclavada en aproximadamente 1.800 hect\u00e1reas, ofreciendo un paisaje hermoso que va desde el mar mediterr\u00e1neo hasta los frondosos bosques de alcornoques y acebuches. Los m\u00faltiples equipamientos deportivos, campos de golf, colegio internacional, puerto [&hellip;]<\/p>\n","protected":false},"author":1,"featured_media":0,"parent":0,"menu_order":0,"comment_status":"closed","ping_status":"closed","template":"","meta":{"_acf_changed":false,"footnotes":""},"class_list":["post-664","page","type-page","status-publish","hentry"],"acf":[],"_links":{"self":[{"href":"https:\/\/www.sotograndeonline.com\/es\/wp-json\/wp\/v2\/pages\/664","targetHints":{"allow":["GET"]}}],"collection":[{"href":"https:\/\/www.sotograndeonline.com\/es\/wp-json\/wp\/v2\/pages"}],"about":[{"href":"https:\/\/www.sotograndeonline.com\/es\/wp-json\/wp\/v2\/types\/page"}],"author":[{"embeddable":true,"href":"https:\/\/www.sotograndeonline.com\/es\/wp-json\/wp\/v2\/users\/1"}],"replies":[{"embeddable":true,"href":"https:\/\/www.sotograndeonline.com\/es\/wp-json\/wp\/v2\/comments?post=664"}],"version-history":[{"count":0,"href":"https:\/\/www.sotograndeonline.com\/es\/wp-json\/wp\/v2\/pages\/664\/revisions"}],"wp:attachment":[{"href":"https:\/\/www.sotograndeonline.com\/es\/wp-json\/wp\/v2\/media?parent=664"}],"curies":[{"name":"wp","href":"https:\/\/api.w.org\/{rel}","templated":true}]}}